{"id":29824,"date":"2023-03-14T13:29:56","date_gmt":"2023-03-14T12:29:56","guid":{"rendered":"https:\/\/evapify.ch\/faq\/"},"modified":"2024-05-02T13:38:02","modified_gmt":"2024-05-02T11:38:02","slug":"faq","status":"publish","type":"page","link":"https:\/\/evapify.ch\/de\/faq\/","title":{"rendered":"Faq"},"content":{"rendered":"<p>[et_pb_section fb_built=&#8220;1&#8243; module_class=&#8220;bannerinside&#8220; _builder_version=&#8220;4.20.2&#8243; _module_preset=&#8220;default&#8220; background_image=&#8220;https:\/\/evapify.ch\/wp-content\/uploads\/2024\/02\/2-2.png&#8220; hover_enabled=&#8220;0&#8243; locked=&#8220;off&#8220; global_colors_info=&#8220;{}&#8220; title_text=&#8220;2&#8243; sticky_enabled=&#8220;0&#8243; da_is_popup=&#8220;off&#8220; da_exit_intent=&#8220;off&#8220; da_has_close=&#8220;on&#8220; da_alt_close=&#8220;off&#8220; da_dark_close=&#8220;off&#8220; da_not_modal=&#8220;on&#8220; da_is_singular=&#8220;off&#8220; da_with_loader=&#8220;off&#8220; da_has_shadow=&#8220;on&#8220; da_disable_devices=&#8220;off|off|off&#8220;][et_pb_row column_structure=&#8220;1_2,1_2&#8243; _builder_version=&#8220;4.20.2&#8243; _module_preset=&#8220;default&#8220; global_colors_info=&#8220;{}&#8220;][et_pb_column type=&#8220;1_2&#8243; _builder_version=&#8220;4.20.2&#8243; _module_preset=&#8220;default&#8220; global_colors_info=&#8220;{}&#8220;][et_pb_post_title meta=&#8220;off&#8220; featured_image=&#8220;off&#8220; _builder_version=&#8220;4.20.2&#8243; _module_preset=&#8220;default&#8220; title_font_size=&#8220;80px&#8220; hover_enabled=&#8220;0&#8243; global_colors_info=&#8220;{}&#8220; text_shadow_style=&#8220;preset2&#8243; text_shadow_color=&#8220;#000000&#8243; sticky_enabled=&#8220;0&#8243;][\/et_pb_post_title][lwp_divi_breadcrumbs font_icon=&#8220;5||divi||400&#8243; _builder_version=&#8220;4.20.2&#8243; _module_preset=&#8220;default&#8220; locked=&#8220;off&#8220; global_colors_info=&#8220;{}&#8220;][\/lwp_divi_breadcrumbs][\/et_pb_column][et_pb_column type=&#8220;1_2&#8243; _builder_version=&#8220;4.20.2&#8243; _module_preset=&#8220;default&#8220; global_colors_info=&#8220;{}&#8220;][\/et_pb_column][\/et_pb_row][\/et_pb_section][et_pb_section fb_built=&#8220;1&#8243; _builder_version=&#8220;4.20.2&#8243; _module_preset=&#8220;default&#8220; global_colors_info=&#8220;{}&#8220; da_is_popup=&#8220;off&#8220; da_exit_intent=&#8220;off&#8220; da_has_close=&#8220;on&#8220; da_alt_close=&#8220;off&#8220; da_dark_close=&#8220;off&#8220; da_not_modal=&#8220;on&#8220; da_is_singular=&#8220;off&#8220; da_with_loader=&#8220;off&#8220; da_has_shadow=&#8220;on&#8220; da_disable_devices=&#8220;off|off|off&#8220;][et_pb_row _builder_version=&#8220;4.20.2&#8243; _module_preset=&#8220;default&#8220; custom_margin=&#8220;70px||||false|false&#8220; global_colors_info=&#8220;{}&#8220;][et_pb_column type=&#8220;4_4&#8243; _builder_version=&#8220;4.20.2&#8243; _module_preset=&#8220;default&#8220; global_colors_info=&#8220;{}&#8220;][et_pb_accordion _builder_version=&#8220;4.20.2&#8243; _module_preset=&#8220;default&#8220; hover_enabled=&#8220;0&#8243; global_colors_info=&#8220;{}&#8220; sticky_enabled=&#8220;0&#8243;][et_pb_accordion_item title=&#8220;Welcher Unterschied gibt es zwischen Dampfen und Rauchen?&#8220; open=&#8220;on&#8220; _builder_version=&#8220;4.20.2&#8243; _module_preset=&#8220;default&#8220; hover_enabled=&#8220;0&#8243; global_colors_info=&#8220;{}&#8220; sticky_enabled=&#8220;0&#8243;]<\/p>\n<div>\n<p><span lang=\"EN-US\">Im Gegensatz zu normalen Zigaretten oder erhitztem Tabak ist das Dampfen v\u00f6llig tabakfrei. E-Zigaretten erfordern keine Verbrennung oder Erhitzung von Tabak, sondern verwenden ein batteriebetriebenes Ger\u00e4t und ein Heizelement mit einer Patrone, die Fl\u00fcssigkeit enth\u00e4lt. Durch Paffen am Ger\u00e4t wird die Fl\u00fcssigkeit erhitzt, wodurch Dampf oder eine Wolke entsteht.<span>  <\/span>Durch das Paffen normaler Zigaretten wird der Tabak verbrannt, wodurch <\/span><span lang=\"EN-US\">Rauch, der zusammen mit Teer eine erwiesene Gefahr f\u00fcr Raucher und ihre Umgebung darstellt. <o:p><\/o:p><\/span><\/p>\n<\/div>\n<p>[\/et_pb_accordion_item][et_pb_accordion_item title=&#8220;Enthalten E-Zigaretten Nikotin?&#8220; _builder_version=&#8220;4.20.2&#8243; _module_preset=&#8220;default&#8220; hover_enabled=&#8220;0&#8243; global_colors_info=&#8220;{}&#8220; open=&#8220;off&#8220; sticky_enabled=&#8220;0&#8243;]<\/p>\n<div class=\"page\" title=\"Page 7\">\n<div class=\"section\" style=\"background-color: rgb(100.000000%, 100.000000%, 100.000000%);\">\n<div class=\"layoutArea\">\n<div class=\"column\">\n<div>\n<p><span lang=\"EN-US\">E-Zigaretten enthalten Nikotin, das ein Suchtmittel ist. In der Schweiz und in ganz Europa ist der Nikotingehalt auf maximal 2mg\/ml oder weniger als 2% begrenzt. <o:p><\/o:p><\/span><\/p>\n<\/div>\n<div>\n<p><span lang=\"EN-US\">Nikotinfreie E-Zigaretten sind mit 0mg\/ml eindeutig erh\u00e4ltlich. <span> <\/span><o:p><\/o:p><\/span><\/p>\n<\/div>\n<div>\n<p><span lang=\"EN-US\"><span> <\/span>Jede Charge unserer Marken SKE Crystal Bar, SKE Crystal Pods, SKE Strip und Geek Bar wird vor der Freigabe f\u00fcr den Verkauf in der Produktionsst\u00e4tte unabh\u00e4ngig getestet. <o:p><\/o:p><\/span><\/p>\n<\/div>\n<p><span style=\"font-size: 11.000000pt; font-family: 'Montserrat';\"> <\/span><\/p>\n<\/div>\n<\/div>\n<\/div>\n<\/div>\n<p>[\/et_pb_accordion_item][et_pb_accordion_item title=&#8220;Was ist eine Mesh-Spule und warum ist sie wichtig?&#8220; _builder_version=&#8220;4.20.2&#8243; _module_preset=&#8220;default&#8220; global_colors_info=&#8220;{}&#8220; open=&#8220;off&#8220;]<\/p>\n<div class=\"page\" title=\"Page 7\">\n<div class=\"section\" style=\"background-color: rgb(100.000000%, 100.000000%, 100.000000%);\">\n<div class=\"layoutArea\">\n<div class=\"column\">\n<p><span style=\"font-size: 11.000000pt; font-family: 'Montserrat';\"><\/span>Unsere Strip Produkte verwenden eine Mesh-Spule anstelle einer Baumwollspule. Sie erh\u00f6ht die Hitze, um mehr Rauch zu produzieren, damit man ein viel intensiveres Geschmackserlebnis mit jedem Zug erf\u00e4hrt. <\/p>\n<\/div>\n<\/div>\n<\/div>\n<\/div>\n<p>[\/et_pb_accordion_item][et_pb_accordion_item title=&#8220;Warum 600 Z\u00fcge?&#8220; _builder_version=&#8220;4.20.2&#8243; _module_preset=&#8220;default&#8220; global_colors_info=&#8220;{}&#8220; open=&#8220;off&#8220;]<\/p>\n<div class=\"page\" title=\"Page 7\">\n<div class=\"section\" style=\"background-color: rgb(100.000000%, 100.000000%, 100.000000%);\">\n<div class=\"layoutArea\">\n<div class=\"column\">\n<p><span style=\"font-size: 11.000000pt; font-family: 'Montserrat';\"><\/span>600 Z\u00fcge sind die empfohlene gesetzliche Zahl f\u00fcr einen erwachsenen Verbraucher aus einem 2ml E-Liquid-Tank. Wir glauben, dass es irref\u00fchrend mehr als 600 Z\u00fcge aus einem 2ml-Tank anzugeben ist.<\/p>\n<\/div>\n<\/div>\n<\/div>\n<\/div>\n<p>[\/et_pb_accordion_item][et_pb_accordion_item title=&#8220;Warum bieten Sie kein 1500 und 2500 Z\u00fcge E-Zigaretten an?&#8220; _builder_version=&#8220;4.20.2&#8243; _module_preset=&#8220;default&#8220; hover_enabled=&#8220;0&#8243; global_colors_info=&#8220;{}&#8220; open=&#8220;off&#8220; sticky_enabled=&#8220;0&#8243;]<\/p>\n<p style=\"font-weight: 400;\">E-Zigaretten mit einem Inhalt von mehr als 2 ml E-Liquid sind in der Schweiz und in der Europ\u00e4ischen Union gesetzlich nicht zugelassen.<\/p>\n<p style=\"font-weight: 400;\">Der Industriestandard in Europa besagt, dass 1 ml im Durchschnitt 300 Z\u00fcge liefert, was bei einer konformen 2-ml-E-Zigarette etwa 600 Z\u00fcgen entspricht. Einige Marken k\u00f6nnen die Anzahl der Z\u00fcge sogar mit 2 ml e-Liquid \u00fcbertreiben, aber lassen Sie sich nicht t\u00e4uschen, der Fl\u00fcssigkeitsgehalt und der einzelne Benutzer bestimmt die Anzahl der Z\u00fcge nicht, was auf einigen Packungen angegeben ist.<\/p>\n<p style=\"font-weight: 400;\">Marken, die 1500 Puffs (E-Liquid Inhalt 4.8ml) oder mehr anbieten, sind nicht konform mit den Schweizer Vorschriften<span>  <\/span><\/p>\n<p style=\"font-weight: 400;\">Dies ist in den neuen Schweizer Tabakgesetzen festgelegt.<\/p>\n<p style=\"font-weight: 400;\">F\u00fcr weitere Informationen \u00fcber die Gesetzgebung zu E-Zigaretten in der Schweiz benutzen Sie bitte den untenstehenden Link.<\/p>\n<p style=\"font-weight: 400;\"><a href=\"https:\/\/www.blv.admin.ch\/blv\/de\/home\/gebrauchsgegenstaende\/e-zigaretten.html\">E-Zigaretten (admin.ch)<\/a><\/p>\n<p>[\/et_pb_accordion_item][et_pb_accordion_item title=&#8220;Kann ich meine E-Zigaretten recyceln? &#8220; _builder_version=&#8220;4.20.2&#8243; _module_preset=&#8220;default&#8220; global_colors_info=&#8220;{}&#8220; open=&#8220;off&#8220;]<\/p>\n<p>Ja, Evapify Schweiz arbeitet mit unseren Hauptpartnern zusammen, um ein R\u00fcckgabe- und Recyclingprogramm zu etablieren. Halten Sie nach unseren Recyclingbeh\u00e4ltern in den Gesch\u00e4ften Ausschau. Wenn Sie weitere Informationen zum Standort unserer Recyclingbeh\u00e4lter w\u00fcnschen, schicken Sie uns bitte eine E-Mail an <a href=\"mailto:info@evapify.ch\">info@evapify.ch<\/a>.<\/p>\n<p>[\/et_pb_accordion_item][et_pb_accordion_item title=&#8220;Wie vermeide ich gef\u00e4lschte Vapes &#8220; _builder_version=&#8220;4.20.2&#8243; _module_preset=&#8220;default&#8220; hover_enabled=&#8220;0&#8243; sticky_enabled=&#8220;0&#8243; open=&#8220;off&#8220;]<\/p>\n<p style=\"font-weight: 400;\">Gef\u00e4lschte oder nicht den Schweizer Normen entsprechende E-Zigaretten sind auf dem Schweizer Markt leider allzu h\u00e4ufig anzutreffen. Diese Produkte k\u00f6nnen unsicher sein und sind oft unzuverl\u00e4ssig, aber es gibt einige einfache M\u00f6glichkeiten, jedes Risiko zu vermeiden.<\/p>\n<p style=\"font-weight: 400;\">Es gibt sie:<\/p>\n<ol>\n<li>Die Verpackung muss in mindestens zwei der Schweizer Landessprachen (Deutsch, Franz\u00f6sisch oder Italienisch) abgefasst sein.<\/li>\n<li>Die Verpackung sollte den zugelassenen Warnhinweis nur in <u> einer<\/u> der offiziellen Schweizer Sprachen enthalten, von denen eine deutlich sichtbar auf der Vorderseite in einem schwarz umrandeten Feld angebracht sein sollte.<\/li>\n<li>Der Name des Schweizer Importeurs muss auf der Verpackung angegeben werden, zusammen mit einer Schweizer Adresse, einer Telefonnummer und einer E-Mail Adresse.<\/li>\n<li>Achten Sie auf einen UFI-Code auf der Verpackung.<\/li>\n<\/ol>\n<p style=\"font-weight: 400;\">Kaufen Sie immer von einem seri\u00f6sen Verk\u00e4ufer, dem Sie vertrauen, und wenn Sie online kaufen, kaufen Sie auf einer in der Schweiz registrierten Website.<\/p>\n<p style=\"font-weight: 400;\">Unsere Registerkarte &#8222;Jetzt kaufen&#8220; f\u00fchrt Sie zu unseren Partner-Online-Anbietern.<\/p>\n<p>[\/et_pb_accordion_item][\/et_pb_accordion][\/et_pb_column][\/et_pb_row][\/et_pb_section]<\/p>\n","protected":false},"excerpt":{"rendered":"<p><div class=\"et_pb_module lwp_divi_breadcrumbs lwp_divi_breadcrumbs_0\">\n\t\t\t\t\n\t\t\t\t\n\t\t\t\t\n\t\t\t\t\n\t\t\t\t\n\t\t\t\t\n\t\t\t\t<div class=\"et_pb_module_inner\">\n\t\t\t\t\t<div class=\"lwp-breadcrumbs\"> <span class=\"before\"><\/span> <span vocab=\"https:\/\/schema.org\/\" typeof=\"BreadcrumbList\"><span property=\"itemListElement\" typeof=\"ListItem\"><a property=\"item\" typeof=\"WebPage\" href=\"https:\/\/evapify.ch\/de\/\" class=\"home\"><span property=\"name\">Home<\/span><\/a><meta property=\"position\" content=\"1\"><\/span> <span class=\"separator et-pb-icon\">5<\/span> <\/span><\/div>\n\t\t\t\t<\/div>\n\t\t\t<\/div> Im Gegensatz zu normalen Zigaretten oder erhitztem Tabak ist das Dampfen v\u00f6llig tabakfrei. E-Zigaretten erfordern keine Verbrennung oder Erhitzung von Tabak, sondern verwenden ein batteriebetriebenes Ger\u00e4t und ein Heizelement mit einer Patrone, die Fl\u00fcssigkeit enth\u00e4lt. Durch Paffen am Ger\u00e4t wird die Fl\u00fcssigkeit erhitzt, wodurch Dampf oder eine Wolke entsteht. [&hellip;]<\/p>\n","protected":false},"author":1,"featured_media":0,"parent":0,"menu_order":0,"comment_status":"closed","ping_status":"closed","template":"","meta":{"_et_pb_use_builder":"on","_et_pb_old_content":"","_et_gb_content_width":"","footnotes":""},"class_list":["post-29824","page","type-page","status-publish","hentry"],"jetpack_sharing_enabled":true,"_links":{"self":[{"href":"https:\/\/evapify.ch\/de\/wp-json\/wp\/v2\/pages\/29824","targetHints":{"allow":["GET"]}}],"collection":[{"href":"https:\/\/evapify.ch\/de\/wp-json\/wp\/v2\/pages"}],"about":[{"href":"https:\/\/evapify.ch\/de\/wp-json\/wp\/v2\/types\/page"}],"author":[{"embeddable":true,"href":"https:\/\/evapify.ch\/de\/wp-json\/wp\/v2\/users\/1"}],"replies":[{"embeddable":true,"href":"https:\/\/evapify.ch\/de\/wp-json\/wp\/v2\/comments?post=29824"}],"version-history":[{"count":5,"href":"https:\/\/evapify.ch\/de\/wp-json\/wp\/v2\/pages\/29824\/revisions"}],"predecessor-version":[{"id":31885,"href":"https:\/\/evapify.ch\/de\/wp-json\/wp\/v2\/pages\/29824\/revisions\/31885"}],"wp:attachment":[{"href":"https:\/\/evapify.ch\/de\/wp-json\/wp\/v2\/media?parent=29824"}],"curies":[{"name":"wp","href":"https:\/\/api.w.org\/{rel}","templated":true}]}}