{"id":29993,"date":"2023-07-25T10:23:20","date_gmt":"2023-07-25T08:23:20","guid":{"rendered":"https:\/\/evapify.ch\/?page_id=29993"},"modified":"2024-03-14T14:24:42","modified_gmt":"2024-03-14T13:24:42","slug":"crystal-plus","status":"publish","type":"page","link":"https:\/\/evapify.ch\/de\/unsere-marken\/crystal-plus\/","title":{"rendered":"Crystal Plus"},"content":{"rendered":"<p>[et_pb_section fb_built=&#8220;1&#8243; module_class=&#8220;bannerinside&#8220; _builder_version=&#8220;4.20.2&#8243; _module_preset=&#8220;default&#8220; background_color=&#8220;#0C71C3&#8243; hover_enabled=&#8220;0&#8243; da_disable_devices=&#8220;off|off|off&#8220; locked=&#8220;off&#8220; global_colors_info=&#8220;{}&#8220; title_text=&#8220;MicrosoftTeams-image&#8220; background_image=&#8220;https:\/\/evapify.ch\/wp-content\/uploads\/2024\/01\/MicrosoftTeams-image.jpg&#8220; sticky_enabled=&#8220;0&#8243; da_is_popup=&#8220;off&#8220; da_exit_intent=&#8220;off&#8220; da_has_close=&#8220;on&#8220; da_alt_close=&#8220;off&#8220; da_dark_close=&#8220;off&#8220; da_not_modal=&#8220;on&#8220; da_is_singular=&#8220;off&#8220; da_with_loader=&#8220;off&#8220; da_has_shadow=&#8220;on&#8220;][et_pb_row column_structure=&#8220;1_2,1_2&#8243; _builder_version=&#8220;4.20.2&#8243; _module_preset=&#8220;default&#8220; global_colors_info=&#8220;{}&#8220;][et_pb_column type=&#8220;1_2&#8243; _builder_version=&#8220;4.20.2&#8243; _module_preset=&#8220;default&#8220; global_colors_info=&#8220;{}&#8220;][et_pb_post_title title=&#8220;off&#8220; meta=&#8220;off&#8220; featured_placement=&#8220;background&#8220; _builder_version=&#8220;4.20.2&#8243; _module_preset=&#8220;default&#8220; title_font_size=&#8220;80px&#8220; background_color=&#8220;RGBA(255,255,255,0)&#8220; background_image=&#8220;https:\/\/evapify.ch\/wp-content\/uploads\/2024\/01\/Untitled-design-5.png&#8220; global_colors_info=&#8220;{}&#8220;][\/et_pb_post_title][\/et_pb_column][et_pb_column type=&#8220;1_2&#8243; _builder_version=&#8220;4.20.2&#8243; _module_preset=&#8220;default&#8220; global_colors_info=&#8220;{}&#8220;][et_pb_image src=&#8220;https:\/\/evapify.ch\/wp-content\/uploads\/2023\/09\/image_banner_cristalplus_inside.png&#8220; alt=&#8220;crystal plus&#8220; title_text=&#8220;crystal plus&#8220; src_tablet=&#8220;https:\/\/evapify.ch\/wp-content\/uploads\/2023\/03\/image_banner_inside.png&#8220; src_phone=&#8220;https:\/\/evapify.ch\/wp-content\/uploads\/2023\/03\/image_banner_inside.png&#8220; src_last_edited=&#8220;off|desktop&#8220; _builder_version=&#8220;4.20.2&#8243; _module_preset=&#8220;default&#8220; positioning=&#8220;absolute&#8220; position_origin_a=&#8220;top_right&#8220; vertical_offset=&#8220;-66px&#8220; horizontal_offset=&#8220;-25px&#8220; vertical_offset_tablet=&#8220;-62px&#8220; vertical_offset_phone=&#8220;-29px&#8220; vertical_offset_last_edited=&#8220;on|desktop&#8220; width=&#8220;100%&#8220; width_tablet=&#8220;62%&#8220; width_phone=&#8220;65%&#8220; width_last_edited=&#8220;on|tablet&#8220; custom_padding=&#8220;20px||||false|false&#8220; locked=&#8220;off&#8220; global_colors_info=&#8220;{}&#8220;][\/et_pb_image][\/et_pb_column][\/et_pb_row][\/et_pb_section][et_pb_section fb_built=&#8220;1&#8243; _builder_version=&#8220;4.20.2&#8243; _module_preset=&#8220;default&#8220; background_color=&#8220;#FFFFFF&#8220; da_disable_devices=&#8220;off|off|off&#8220; global_colors_info=&#8220;{}&#8220; da_is_popup=&#8220;off&#8220; da_exit_intent=&#8220;off&#8220; da_has_close=&#8220;on&#8220; da_alt_close=&#8220;off&#8220; da_dark_close=&#8220;off&#8220; da_not_modal=&#8220;on&#8220; da_is_singular=&#8220;off&#8220; da_with_loader=&#8220;off&#8220; da_has_shadow=&#8220;on&#8220;][et_pb_row _builder_version=&#8220;4.20.2&#8243; _module_preset=&#8220;default&#8220; global_colors_info=&#8220;{}&#8220;][et_pb_column type=&#8220;4_4&#8243; _builder_version=&#8220;4.20.2&#8243; _module_preset=&#8220;default&#8220; global_colors_info=&#8220;{}&#8220;][et_pb_text _builder_version=&#8220;4.20.2&#8243; _module_preset=&#8220;default&#8220; header_3_font_size=&#8220;30px&#8220; global_colors_info=&#8220;{}&#8220;]<\/p>\n<h1 style=\"text-align: center;\">THE SMARTER CHOICE! <\/h1>\n<p>[\/et_pb_text][\/et_pb_column][\/et_pb_row][et_pb_row column_structure=&#8220;1_3,1_3,1_3&#8243; _builder_version=&#8220;4.20.2&#8243; _module_preset=&#8220;default&#8220; global_colors_info=&#8220;{}&#8220;][et_pb_column type=&#8220;1_3&#8243; _builder_version=&#8220;4.20.2&#8243; _module_preset=&#8220;default&#8220; global_colors_info=&#8220;{}&#8220;][et_pb_text _builder_version=&#8220;4.20.2&#8243; _module_preset=&#8220;default&#8220; global_colors_info=&#8220;{}&#8220;]<\/p>\n<h3 style=\"text-align: center;\"><strong>Beeindruckendes Design <\/strong><\/h3>\n<p style=\"text-align: center;\">Chices wiederaufladbares Ger\u00e4t<\/p>\n<p>[\/et_pb_text][et_pb_image src=&#8220;https:\/\/evapify.ch\/wp-content\/uploads\/2023\/07\/EYE-CATCHING_DESIGN.jpg&#8220; alt=&#8220;Crystal_SKE_bubble &#8211; evapify&#8220; title_text=&#8220;EYE-CATCHING_DESIGN&#8220; _builder_version=&#8220;4.20.2&#8243; _module_preset=&#8220;default&#8220; global_colors_info=&#8220;{}&#8220;][\/et_pb_image][\/et_pb_column][et_pb_column type=&#8220;1_3&#8243; _builder_version=&#8220;4.20.2&#8243; _module_preset=&#8220;default&#8220; global_colors_info=&#8220;{}&#8220;][et_pb_text _builder_version=&#8220;4.20.2&#8243; _module_preset=&#8220;default&#8220; global_colors_info=&#8220;{}&#8220;]<\/p>\n<h3 style=\"text-align: center;\"><span style=\"color: #000000;\"><strong>Hervorragender Geschmack und Hit<\/strong><\/span><\/h3>\n<p style=\"text-align: center;\"><span style=\"color: #000000;\">E-Pods mit Netzspule &amp; Crystal-Aromen<\/span><br \/><span style=\"font-stretch: normal; font-size: 12px; line-height: normal;\"><\/span><\/p>\n<p>[\/et_pb_text][et_pb_image src=&#8220;https:\/\/evapify.ch\/wp-content\/uploads\/2023\/11\/9an_ss_2-scaled.jpg&#8220; alt=&#8220;Crystal_SKE_people -evapify&#8220; title_text=&#8220;9an_ss_2&#8243; _builder_version=&#8220;4.20.2&#8243; _module_preset=&#8220;default&#8220; global_colors_info=&#8220;{}&#8220;][\/et_pb_image][\/et_pb_column][et_pb_column type=&#8220;1_3&#8243; _builder_version=&#8220;4.20.2&#8243; _module_preset=&#8220;default&#8220; global_colors_info=&#8220;{}&#8220;][et_pb_text _builder_version=&#8220;4.20.2&#8243; _module_preset=&#8220;default&#8220; global_colors_info=&#8220;{}&#8220;]<\/p>\n<h3 style=\"text-align: center;\"><span style=\"color: #000000;\"><strong>Ein tolles Preis-Leistungs-Verh\u00e4ltnis<\/strong><\/span><\/h3>\n<p style=\"text-align: center;\"><span style=\"color: #000000;\">Wiederaufladbares Ger\u00e4t mit E-Pods<\/span><\/p>\n<p>[\/et_pb_text][et_pb_image src=&#8220;https:\/\/evapify.ch\/wp-content\/uploads\/2023\/07\/GREAT_VALUE.jpg&#8220; alt=&#8220;Crystal_SKE_people -evapify&#8220; title_text=&#8220;GREAT_VALUE&#8220; _builder_version=&#8220;4.20.2&#8243; _module_preset=&#8220;default&#8220; global_colors_info=&#8220;{}&#8220;][\/et_pb_image][\/et_pb_column][\/et_pb_row][et_pb_row column_structure=&#8220;2_3,1_3&#8243; _builder_version=&#8220;4.20.2&#8243; _module_preset=&#8220;default&#8220; min_height=&#8220;477.8px&#8220; custom_padding=&#8220;50px||50px||false|false&#8220; global_colors_info=&#8220;{}&#8220;][et_pb_column type=&#8220;2_3&#8243; _builder_version=&#8220;4.20.2&#8243; _module_preset=&#8220;default&#8220; global_colors_info=&#8220;{}&#8220;][et_pb_text _builder_version=&#8220;4.20.2&#8243; _module_preset=&#8220;default&#8220; global_colors_info=&#8220;{}&#8220;]<\/p>\n<h2><strong>Crystal Plus steht f\u00fcr Geschmack, Design und Wertigkeit.<\/strong><\/h2>\n<p>[\/et_pb_text][et_pb_text _builder_version=&#8220;4.20.2&#8243; _module_preset=&#8220;default&#8220; global_colors_info=&#8220;{}&#8220;]<\/p>\n<p><span style=\"color: #000000;\">Das auff\u00e4llige Ger\u00e4t ist wiederaufladbar, w\u00e4hrend die Crystal E-Pods eine fortschrittliche Kombination aus Mesh-Spule, 400mAh-Akku und geringem Widerstand bieten, um einen fantastischen Geschmack und Hit zu liefern.<\/span><br \/><span style=\"color: #000000;\"> Das Ger\u00e4t ist wiederaufladbar und ein USB-C-Kabel ist im Lieferumfang enthalten, sodass Sie lediglich die Pods austauschen m\u00fcssen, was f\u00fcr regelm\u00e4\u00dfige Dampfer eine kosteng\u00fcnstigere Option darstellt.<\/span><br \/><span style=\"color: #000000;\"> Die Verwendung von Pods kann auch einen positiven Einfluss haben, da der Akku nicht nach jeder Verwendung entsorgt wird.<\/span><br \/><span style=\"color: #000000;\"> Crystal Plus bietet Geschmack, Stil UND mehr.<\/span><br \/><span style=\"color: #000000;\"> Die E-Pods sind im Zweierpack erh\u00e4ltlich in den Geschmacksrichtungen<\/span><br \/><span style=\"color: #ffffff;\"> <span style=\"color: #000000;\">Strawberry Burst, Blueberry Raspberry, Lemon &amp; Lime, Watermelon Ice, Cherry Ice und Pink Lemonade.<\/span><\/span><\/p>\n<p>[\/et_pb_text][\/et_pb_column][et_pb_column type=&#8220;1_3&#8243; _builder_version=&#8220;4.20.2&#8243; _module_preset=&#8220;default&#8220; global_colors_info=&#8220;{}&#8220;][et_pb_video src_webm=&#8220;https:\/\/evapify.ch\/wp-content\/uploads\/2024\/01\/Untitled-1080-x-1080-px-1.mp4&#8243; _builder_version=&#8220;4.20.2&#8243; _module_preset=&#8220;default&#8220; global_colors_info=&#8220;{}&#8220;][\/et_pb_video][\/et_pb_column][\/et_pb_row][et_pb_row column_structure=&#8220;1_2,1_2&#8243; _builder_version=&#8220;4.20.2&#8243; _module_preset=&#8220;default&#8220; global_colors_info=&#8220;{}&#8220;][et_pb_column type=&#8220;1_2&#8243; _builder_version=&#8220;4.20.2&#8243; _module_preset=&#8220;default&#8220; global_colors_info=&#8220;{}&#8220;][et_pb_video src=&#8220;https:\/\/evapify.ch\/wp-content\/uploads\/2024\/01\/Untitled-1080-x-1080-px.mp4&#8243; _builder_version=&#8220;4.20.2&#8243; _module_preset=&#8220;default&#8220; global_colors_info=&#8220;{}&#8220;][\/et_pb_video][\/et_pb_column][et_pb_column type=&#8220;1_2&#8243; _builder_version=&#8220;4.20.2&#8243; _module_preset=&#8220;default&#8220; global_colors_info=&#8220;{}&#8220;][et_pb_text _builder_version=&#8220;4.20.2&#8243; _module_preset=&#8220;default&#8220; global_colors_info=&#8220;{}&#8220;]<\/p>\n<p>HIGH TECH VAPING. <\/p>\n<p>Crystal Plus bringt das Dampfen auf die n\u00e4chste Stufe, indem es Hightech-Fortschritte einsetzt, um Ihnen das beste Erlebnis zu bieten <\/p>\n<ul>\n<li>Luftstrom zur Kontrolle der erzeugten Dampfmenge <\/li>\n<li>Anti-Leck-Technologie zur Vermeidung von Leckagen <\/li>\n<li>Wiederaufladbar USB-C <\/li>\n<li>Metallische Netzspule f\u00fcr besten Geschmack <\/li>\n<\/ul>\n<p>Bringen Sie Ihr Vaping auf die n\u00e4chste Stufe! <\/p>\n<p>[\/et_pb_text][\/et_pb_column][\/et_pb_row][et_pb_row _builder_version=&#8220;4.20.2&#8243; _module_preset=&#8220;default&#8220; global_colors_info=&#8220;{}&#8220;][et_pb_column type=&#8220;4_4&#8243; _builder_version=&#8220;4.20.2&#8243; _module_preset=&#8220;default&#8220; global_colors_info=&#8220;{}&#8220;][et_pb_image src=&#8220;https:\/\/evapify.ch\/wp-content\/uploads\/2024\/01\/Untitled-design-10.png&#8220; title_text=&#8220;Untitled design (10)&#8220; _builder_version=&#8220;4.20.2&#8243; _module_preset=&#8220;default&#8220; global_colors_info=&#8220;{}&#8220;][\/et_pb_image][\/et_pb_column][\/et_pb_row][et_pb_row _builder_version=&#8220;4.20.2&#8243; _module_preset=&#8220;default&#8220; custom_padding=&#8220;50px||50px||false|false&#8220; global_colors_info=&#8220;{}&#8220;][et_pb_column type=&#8220;4_4&#8243; _builder_version=&#8220;4.20.2&#8243; _module_preset=&#8220;default&#8220; global_colors_info=&#8220;{}&#8220;][et_pb_text _builder_version=&#8220;4.20.2&#8243; _module_preset=&#8220;default&#8220; global_colors_info=&#8220;{}&#8220;]<\/p>\n<h1><span style=\"color: #000000;\"><strong>HIER IST UNSER ANGEBOT:<\/strong><\/span><\/h1>\n<p>[\/et_pb_text][et_pb_text _builder_version=&#8220;4.20.2&#8243; _module_preset=&#8220;default&#8220; global_colors_info=&#8220;{}&#8220;]<\/p>\n<h2><strong>GER\u00c4TE:<\/strong><\/h2>\n<p>[\/et_pb_text][et_pb_image src=&#8220;https:\/\/evapify.ch\/wp-content\/uploads\/2024\/01\/Add-a-subheading-3.png&#8220; title_text=&#8220;Add a subheading (3)&#8220; _builder_version=&#8220;4.20.2&#8243; _module_preset=&#8220;default&#8220; global_colors_info=&#8220;{}&#8220;][\/et_pb_image][\/et_pb_column][\/et_pb_row][et_pb_row _builder_version=&#8220;4.20.2&#8243; _module_preset=&#8220;default&#8220; global_colors_info=&#8220;{}&#8220;][et_pb_column type=&#8220;4_4&#8243; _builder_version=&#8220;4.20.2&#8243; _module_preset=&#8220;default&#8220; global_colors_info=&#8220;{}&#8220;][et_pb_text _builder_version=&#8220;4.20.2&#8243; _module_preset=&#8220;default&#8220; global_colors_info=&#8220;{}&#8220;]<\/p>\n<h2><strong>GESCHMACKT:<\/strong><\/h2>\n<p>[\/et_pb_text][et_pb_image src=&#8220;https:\/\/evapify.ch\/wp-content\/uploads\/2024\/01\/Add-a-subheading-2.png&#8220; title_text=&#8220;Add a subheading (2)&#8220; _builder_version=&#8220;4.20.2&#8243; _module_preset=&#8220;default&#8220; custom_padding=&#8220;||4px|||&#8220; global_colors_info=&#8220;{}&#8220;][\/et_pb_image][\/et_pb_column][\/et_pb_row][et_pb_row column_structure=&#8220;1_2,1_2&#8243; _builder_version=&#8220;4.20.2&#8243; _module_preset=&#8220;default&#8220; custom_padding=&#8220;50px||50px||false|false&#8220; global_colors_info=&#8220;{}&#8220;][et_pb_column type=&#8220;1_2&#8243; _builder_version=&#8220;4.20.2&#8243; _module_preset=&#8220;default&#8220; global_colors_info=&#8220;{}&#8220;][et_pb_text _builder_version=&#8220;4.20.2&#8243; _module_preset=&#8220;default&#8220; global_colors_info=&#8220;{}&#8220;]<\/p>\n<h2>Crystal Plus ist eine neue Vaping-Erfahrung<\/h2>\n<p>[\/et_pb_text][et_pb_text _builder_version=&#8220;4.20.2&#8243; _module_preset=&#8220;default&#8220; global_colors_info=&#8220;{}&#8220;]<\/p>\n<p><strong>Hier sind die Tipps f\u00fcr die beste Leistung:<\/strong><\/p>\n<p>&nbsp;<\/p>\n<p>1. Ger\u00e4t aus der Verpackung nehmen, Anleitung lesen, Inhalt zeigen. Bereits aufgeladen, kein Aufladen des Ger\u00e4ts vor der Verwendung erforderlich.<\/p>\n<p>2. Epods separat verkauft, die die eliquid enth\u00e4lt. \u00d6ffnen Sie die Kapsel, entfernen Sie den Silikonschlauch, durch den die Fl\u00fcssigkeit in die Kapselkammer gelangt und die Spule umgibt.<\/p>\n<p>3. L<strong>assen Sie die Fl\u00fcssigkeit mindestens 90 Sekunden lang einwirken,<\/strong> bevor Sie das Ger\u00e4t anschlie\u00dfen.<\/p>\n<p>4. Jetzt sind Sie bereit zu verdampfen, denken Sie daran, Licht Rauchen, ist es am besten zu inhalieren und verdampfen langsam f\u00fcr die beste Erfahrung.<\/p>\n<p>Der Pod ist transparent, so dass Sie den F\u00fcllstand des E-Liquids leicht \u00fcberpr\u00fcfen k\u00f6nnen, indem Sie den Pod einfach aus dem Ger\u00e4t entfernen. Es wird wenig bis gar kein Dampf produziert, der Geschmack verschlechtert sich und es kann zu einem leicht brennenden Geschmack kommen.<\/p>\n<p>[\/et_pb_text][\/et_pb_column][et_pb_column type=&#8220;1_2&#8243; _builder_version=&#8220;4.20.2&#8243; _module_preset=&#8220;default&#8220; global_colors_info=&#8220;{}&#8220;][et_pb_video src_webm=&#8220;https:\/\/evapify.ch\/wp-content\/uploads\/2024\/01\/Copy-of-Copy-of-Attende-1.mp4&#8243; _builder_version=&#8220;4.20.2&#8243; _module_preset=&#8220;default&#8220; global_colors_info=&#8220;{}&#8220;][\/et_pb_video][\/et_pb_column][\/et_pb_row][\/et_pb_section][et_pb_section fb_built=&#8220;1&#8243; _builder_version=&#8220;4.20.2&#8243; _module_preset=&#8220;default&#8220; da_disable_devices=&#8220;off|off|off&#8220; global_colors_info=&#8220;{}&#8220; da_is_popup=&#8220;off&#8220; da_exit_intent=&#8220;off&#8220; da_has_close=&#8220;on&#8220; da_alt_close=&#8220;off&#8220; da_dark_close=&#8220;off&#8220; da_not_modal=&#8220;on&#8220; da_is_singular=&#8220;off&#8220; da_with_loader=&#8220;off&#8220; da_has_shadow=&#8220;on&#8220;][\/et_pb_section]<\/p>\n","protected":false},"excerpt":{"rendered":"<p>THE SMARTER CHOICE! Beeindruckendes Design Chices wiederaufladbares Ger\u00e4tHervorragender Geschmack und Hit E-Pods mit Netzspule &amp; Crystal-AromenEin tolles Preis-Leistungs-Verh\u00e4ltnis Wiederaufladbares Ger\u00e4t mit E-PodsCrystal Plus steht f\u00fcr Geschmack, Design und Wertigkeit.Das auff\u00e4llige Ger\u00e4t ist wiederaufladbar, w\u00e4hrend die Crystal E-Pods eine fortschrittliche Kombination aus Mesh-Spule, 400mAh-Akku und geringem Widerstand bieten, um einen fantastischen Geschmack und Hit zu liefern. [&hellip;]<\/p>\n","protected":false},"author":1,"featured_media":0,"parent":29810,"menu_order":0,"comment_status":"closed","ping_status":"closed","template":"","meta":{"_et_pb_use_builder":"on","_et_pb_old_content":"","_et_gb_content_width":"","footnotes":""},"class_list":["post-29993","page","type-page","status-publish","hentry"],"jetpack_sharing_enabled":true,"_links":{"self":[{"href":"https:\/\/evapify.ch\/de\/wp-json\/wp\/v2\/pages\/29993","targetHints":{"allow":["GET"]}}],"collection":[{"href":"https:\/\/evapify.ch\/de\/wp-json\/wp\/v2\/pages"}],"about":[{"href":"https:\/\/evapify.ch\/de\/wp-json\/wp\/v2\/types\/page"}],"author":[{"embeddable":true,"href":"https:\/\/evapify.ch\/de\/wp-json\/wp\/v2\/users\/1"}],"replies":[{"embeddable":true,"href":"https:\/\/evapify.ch\/de\/wp-json\/wp\/v2\/comments?post=29993"}],"version-history":[{"count":11,"href":"https:\/\/evapify.ch\/de\/wp-json\/wp\/v2\/pages\/29993\/revisions"}],"predecessor-version":[{"id":31487,"href":"https:\/\/evapify.ch\/de\/wp-json\/wp\/v2\/pages\/29993\/revisions\/31487"}],"up":[{"embeddable":true,"href":"https:\/\/evapify.ch\/de\/wp-json\/wp\/v2\/pages\/29810"}],"wp:attachment":[{"href":"https:\/\/evapify.ch\/de\/wp-json\/wp\/v2\/media?parent=29993"}],"curies":[{"name":"wp","href":"https:\/\/api.w.org\/{rel}","templated":true}]}}