{"id":29790,"date":"2023-03-14T13:29:56","date_gmt":"2023-03-14T12:29:56","guid":{"rendered":"https:\/\/evapify.ch\/faqs\/"},"modified":"2024-05-01T14:44:51","modified_gmt":"2024-05-01T12:44:51","slug":"faqs","status":"publish","type":"page","link":"https:\/\/evapify.ch\/fr\/faqs\/","title":{"rendered":"FAQs"},"content":{"rendered":"<p>[et_pb_section fb_built=\u00a0\u00bb1&Prime; module_class=\u00a0\u00bbbannerinside\u00a0\u00bb _builder_version=\u00a0\u00bb4.20.2&Prime; _module_preset=\u00a0\u00bbdefault\u00a0\u00bb background_image=\u00a0\u00bbhttps:\/\/evapify.ch\/wp-content\/uploads\/2024\/02\/2-2.png\u00a0\u00bb hover_enabled=\u00a0\u00bb0&Prime; locked=\u00a0\u00bboff\u00a0\u00bb global_colors_info=\u00a0\u00bb{}\u00a0\u00bb title_text=\u00a0\u00bb2&Prime; sticky_enabled=\u00a0\u00bb0&Prime; da_is_popup=\u00a0\u00bboff\u00a0\u00bb da_exit_intent=\u00a0\u00bboff\u00a0\u00bb da_has_close=\u00a0\u00bbon\u00a0\u00bb da_alt_close=\u00a0\u00bboff\u00a0\u00bb da_dark_close=\u00a0\u00bboff\u00a0\u00bb da_not_modal=\u00a0\u00bbon\u00a0\u00bb da_is_singular=\u00a0\u00bboff\u00a0\u00bb da_with_loader=\u00a0\u00bboff\u00a0\u00bb da_has_shadow=\u00a0\u00bbon\u00a0\u00bb da_disable_devices=\u00a0\u00bboff|off|off\u00a0\u00bb][et_pb_row column_structure=\u00a0\u00bb1_2,1_2&Prime; _builder_version=\u00a0\u00bb4.20.2&Prime; _module_preset=\u00a0\u00bbdefault\u00a0\u00bb global_colors_info=\u00a0\u00bb{}\u00a0\u00bb][et_pb_column type=\u00a0\u00bb1_2&Prime; _builder_version=\u00a0\u00bb4.20.2&Prime; _module_preset=\u00a0\u00bbdefault\u00a0\u00bb global_colors_info=\u00a0\u00bb{}\u00a0\u00bb][et_pb_post_title meta=\u00a0\u00bboff\u00a0\u00bb featured_image=\u00a0\u00bboff\u00a0\u00bb _builder_version=\u00a0\u00bb4.20.2&Prime; _module_preset=\u00a0\u00bbdefault\u00a0\u00bb title_font_size=\u00a0\u00bb80px\u00a0\u00bb hover_enabled=\u00a0\u00bb0&Prime; global_colors_info=\u00a0\u00bb{}\u00a0\u00bb text_shadow_style=\u00a0\u00bbpreset2&Prime; text_shadow_color=\u00a0\u00bb#000000&Prime; sticky_enabled=\u00a0\u00bb0&Prime;][\/et_pb_post_title][lwp_divi_breadcrumbs font_icon=\u00a0\u00bb5||divi||400&Prime; _builder_version=\u00a0\u00bb4.20.2&Prime; _module_preset=\u00a0\u00bbdefault\u00a0\u00bb locked=\u00a0\u00bboff\u00a0\u00bb global_colors_info=\u00a0\u00bb{}\u00a0\u00bb][\/lwp_divi_breadcrumbs][\/et_pb_column][et_pb_column type=\u00a0\u00bb1_2&Prime; _builder_version=\u00a0\u00bb4.20.2&Prime; _module_preset=\u00a0\u00bbdefault\u00a0\u00bb global_colors_info=\u00a0\u00bb{}\u00a0\u00bb][\/et_pb_column][\/et_pb_row][\/et_pb_section][et_pb_section fb_built=\u00a0\u00bb1&Prime; _builder_version=\u00a0\u00bb4.20.2&Prime; _module_preset=\u00a0\u00bbdefault\u00a0\u00bb global_colors_info=\u00a0\u00bb{}\u00a0\u00bb da_is_popup=\u00a0\u00bboff\u00a0\u00bb da_exit_intent=\u00a0\u00bboff\u00a0\u00bb da_has_close=\u00a0\u00bbon\u00a0\u00bb da_alt_close=\u00a0\u00bboff\u00a0\u00bb da_dark_close=\u00a0\u00bboff\u00a0\u00bb da_not_modal=\u00a0\u00bbon\u00a0\u00bb da_is_singular=\u00a0\u00bboff\u00a0\u00bb da_with_loader=\u00a0\u00bboff\u00a0\u00bb da_has_shadow=\u00a0\u00bbon\u00a0\u00bb da_disable_devices=\u00a0\u00bboff|off|off\u00a0\u00bb][et_pb_row _builder_version=\u00a0\u00bb4.20.2&Prime; _module_preset=\u00a0\u00bbdefault\u00a0\u00bb custom_margin=\u00a0\u00bb70px||||false|false\u00a0\u00bb global_colors_info=\u00a0\u00bb{}\u00a0\u00bb][et_pb_column type=\u00a0\u00bb4_4&Prime; _builder_version=\u00a0\u00bb4.20.2&Prime; _module_preset=\u00a0\u00bbdefault\u00a0\u00bb global_colors_info=\u00a0\u00bb{}\u00a0\u00bb][et_pb_accordion _builder_version=\u00a0\u00bb4.20.2&Prime; _module_preset=\u00a0\u00bbdefault\u00a0\u00bb hover_enabled=\u00a0\u00bb0&Prime; global_colors_info=\u00a0\u00bb{}\u00a0\u00bb sticky_enabled=\u00a0\u00bb0&Prime;][et_pb_accordion_item title=\u00a0\u00bbQuelle est la diff\u00e9rence entre le vapotage et le tabagisme ?\u00a0\u00bb open=\u00a0\u00bbon\u00a0\u00bb _builder_version=\u00a0\u00bb4.20.2&Prime; _module_preset=\u00a0\u00bbdefault\u00a0\u00bb hover_enabled=\u00a0\u00bb0&Prime; global_colors_info=\u00a0\u00bb{}\u00a0\u00bb sticky_enabled=\u00a0\u00bb0&Prime;]<\/p>\n<div>\n<p><span lang=\"EN-US\">Contrairement aux cigarettes ordinaires ou au tabac chauff\u00e9, le vapotage est enti\u00e8rement d\u00e9pourvu de tabac. Les e-cigarettes ne n\u00e9cessitent pas de br\u00fbler ou de chauffer du tabac, mais utilisent un dispositif aliment\u00e9 par une batterie et un \u00e9l\u00e9ment chauffant avec une cartouche contenant un liquide. En soufflant sur l&rsquo;appareil, on chauffe le liquide, ce qui produit de la vapeur ou un nuage.<span>  <\/span>Le fait de souffler sur des cigarettes ordinaires br\u00fble le tabac, ce qui produit <\/span><span lang=\"EN-US\">la fum\u00e9e qui, avec le goudron, constitue un danger av\u00e9r\u00e9 pour les fumeurs et leur entourage. <o:p><\/o:p><\/span><\/p>\n<\/div>\n<p>[\/et_pb_accordion_item][et_pb_accordion_item title=\u00a0\u00bbLes e-cigarettes contiennent-elles de la nicotine ?\u00a0\u00bb _builder_version=\u00a0\u00bb4.20.2&Prime; _module_preset=\u00a0\u00bbdefault\u00a0\u00bb hover_enabled=\u00a0\u00bb0&Prime; global_colors_info=\u00a0\u00bb{}\u00a0\u00bb open=\u00a0\u00bboff\u00a0\u00bb sticky_enabled=\u00a0\u00bb0&Prime;]<\/p>\n<div class=\"page\" title=\"Page 7\">\n<div class=\"section\" style=\"background-color: rgb(100.000000%, 100.000000%, 100.000000%);\">\n<div class=\"layoutArea\">\n<div class=\"column\">\n<div>\n<p><span lang=\"EN-US\">Les e-cigarettes contiennent de la nicotine, une substance qui cr\u00e9e une d\u00e9pendance. En Suisse et dans toute l&rsquo;Europe, la quantit\u00e9 de nicotine est limit\u00e9e \u00e0 un maximum de 2mg\/ml ou moins de 2%. <o:p><\/o:p><\/span><\/p>\n<\/div>\n<div>\n<p><span lang=\"EN-US\">Les e-cigarettes sans nicotine sont disponibles avec 0mg\/ml clairement. <span> <\/span><o:p><\/o:p><\/span><\/p>\n<\/div>\n<div>\n<p><span lang=\"EN-US\"><span> <\/span>Chaque lot de nos marques SKE Crystal Bar, SKE Crystal Pods, SKE Strip et Geek Bar est test\u00e9 de mani\u00e8re ind\u00e9pendante dans l&rsquo;usine de fabrication avant d&rsquo;\u00eatre mis en vente. <o:p><\/o:p><\/span><\/p>\n<\/div>\n<p><span style=\"font-size: 11.000000pt; font-family: 'Montserrat';\"> <\/span><\/p>\n<\/div>\n<\/div>\n<\/div>\n<\/div>\n<p>[\/et_pb_accordion_item][et_pb_accordion_item title=\u00a0\u00bbQu&rsquo;est-ce que la r\u00e9sistance m\u00e9tallique et pourquoi est-elle importante ?\u00a0\u00bb _builder_version=\u00a0\u00bb4.20.2&Prime; _module_preset=\u00a0\u00bbdefault\u00a0\u00bb global_colors_info=\u00a0\u00bb{}\u00a0\u00bb open=\u00a0\u00bboff\u00a0\u00bb]<\/p>\n<div class=\"page\" title=\"Page 7\">\n<div class=\"section\" style=\"background-color: rgb(100.000000%, 100.000000%, 100.000000%);\">\n<div class=\"layoutArea\">\n<div class=\"column\">\n<p><span style=\"font-size: 11.000000pt; font-family: 'Montserrat';\"><\/span>Nos produits Strip utilisent une r\u00e9sistance m\u00e9tallique au lieu d&rsquo;une r\u00e9sistance en coton. Cela augmente la quantit\u00e9 de chaleur et donc la production de vapeur, ce qui permet d&rsquo;obtenir une saveur beaucoup plus intense \u00e0 chaque bouff\u00e9e. <\/p>\n<\/div>\n<\/div>\n<\/div>\n<\/div>\n<p>[\/et_pb_accordion_item][et_pb_accordion_item title=\u00a0\u00bbPourquoi 600 bouff\u00e9es ?\u00a0\u00bb _builder_version=\u00a0\u00bb4.20.2&Prime; _module_preset=\u00a0\u00bbdefault\u00a0\u00bb global_colors_info=\u00a0\u00bb{}\u00a0\u00bb open=\u00a0\u00bboff\u00a0\u00bb]<\/p>\n<div class=\"page\" title=\"Page 7\">\n<div class=\"section\" style=\"background-color: rgb(100.000000%, 100.000000%, 100.000000%);\">\n<div class=\"layoutArea\">\n<div class=\"column\">\n<p><span style=\"font-size: 11.000000pt; font-family: 'Montserrat';\"><\/span>La quantit\u00e9 l\u00e9gale recommand\u00e9e est 600 bouff\u00e9es. C&rsquo;est le nombre maximum de bouff\u00e9es qu&rsquo;un consommateur adulte peut tirer d&rsquo;un r\u00e9servoir d&rsquo;e-liquide de 2 ml. Nous pensons qu&rsquo;il est trompeur de revendiquer plus de 600 bouff\u00e9es \u00e0 partir d&rsquo;un r\u00e9servoir de 2 ml.<\/p>\n<\/div>\n<\/div>\n<\/div>\n<\/div>\n<p>[\/et_pb_accordion_item][et_pb_accordion_item title=\u00a0\u00bbPourquoi ne proposez-vous pas 1500 et 2500 bouff\u00e9es ?\u00a0\u00bb _builder_version=\u00a0\u00bb4.20.2&Prime; _module_preset=\u00a0\u00bbdefault\u00a0\u00bb hover_enabled=\u00a0\u00bb0&Prime; global_colors_info=\u00a0\u00bb{}\u00a0\u00bb open=\u00a0\u00bboff\u00a0\u00bb sticky_enabled=\u00a0\u00bb0&Prime;]<\/p>\n<p style=\"font-weight: 400;\">Les e-cigarettes contenant plus de 2 ml d&rsquo;e-liquide ne sont pas autoris\u00e9es \u00e0 la vente en Suisse et dans l&rsquo;Union europ\u00e9enne.nicotine ?<\/p>\n<p style=\"font-weight: 400;\">En Europe, la norme industrielle est que 1 ml donne en moyenne 300 bouff\u00e9es, soit environ 600 bouff\u00e9es pour une e-cigarette conforme de 2 ml. Certaines marques peuvent exag\u00e9rer le nombre de bouff\u00e9es, m\u00eame avec un e-liquide de 2 ml, mais ne vous laissez pas abuser : c&rsquo;est le contenu du liquide et l&rsquo;utilisateur lui-m\u00eame qui d\u00e9terminent le nombre de bouff\u00e9es, et non pas ce qui est indiqu\u00e9 sur certains emballages.<\/p>\n<p style=\"font-weight: 400;\">Les marques qui proposent 1500 bouff\u00e9es (contenu E-Liquid 4,8ml) ou plus ne sont pas conformes \u00e0 la r\u00e9glementation suisse.<span>  <\/span><\/p>\n<p style=\"font-weight: 400;\">C&rsquo;est ce que pr\u00e9voit la nouvelle loi suisse sur le tabac.<\/p>\n<p style=\"font-weight: 400;\">Pour plus d&rsquo;informations sur la l\u00e9gislation concernant les e-cigarettes en Suisse, veuillez utiliser le lien ci-dessous.<\/p>\n<p style=\"font-weight: 400;\"><a href=\"https:\/\/www.blv.admin.ch\/blv\/de\/home\/gebrauchsgegenstaende\/e-zigaretten.html\">E-Zigaretten (admin.ch)<\/a><\/p>\n<p>[\/et_pb_accordion_item][et_pb_accordion_item title=\u00a0\u00bbPuis-je recycler mes puff sticks ? \u00a0\u00bb _builder_version=\u00a0\u00bb4.20.2&Prime; _module_preset=\u00a0\u00bbdefault\u00a0\u00bb global_colors_info=\u00a0\u00bb{}\u00a0\u00bb open=\u00a0\u00bboff\u00a0\u00bb]<\/p>\n<p>Oui, Evapify Suisse travaille avec ses principaux partenaires pour mettre en place un programme de retour et de recyclage. Vous trouverez nos bacs de recyclage dans les magasins. Si vous souhaitez plus de d\u00e9tails sur l&#8217;emplacement de nos bacs de recyclage, veuillez nous envoyer un courriel \u00e0 <a href=\"mailto:info@evapify.ch\">info@evapify.ch<\/a>.<\/p>\n<p>[\/et_pb_accordion_item][et_pb_accordion_item title=\u00a0\u00bbComment \u00e9viter les vapes contrefaites \u00a0\u00bb _builder_version=\u00a0\u00bb4.20.2&Prime; _module_preset=\u00a0\u00bbdefault\u00a0\u00bb hover_enabled=\u00a0\u00bb0&Prime; sticky_enabled=\u00a0\u00bb0&Prime; open=\u00a0\u00bboff\u00a0\u00bb]<\/p>\n<p style=\"font-weight: 400;\">Les contrefa\u00e7ons ou les e-cigarettes non conformes aux normes suisses sont malheureusement trop fr\u00e9quentes sur le march\u00e9 suisse. Ces produits peuvent \u00eatre dangereux et sont souvent peu fiables, mais il existe des moyens simples d&rsquo;\u00e9viter tout risque.<\/p>\n<p style=\"font-weight: 400;\">Il y a:<\/p>\n<ol>\n<li>L&#8217;emballage doit \u00eatre r\u00e9dig\u00e9 dans au moins deux des langues nationales suisses (allemand, fran\u00e7ais ou italien).<\/li>\n<li>L&#8217;emballage ne doit comporter <u> l&rsquo;avertissemen<\/u>t sanitaire approuv\u00e9 que dans l&rsquo;une des langues suisses officielles, dont l&rsquo;une doit \u00eatre mise en \u00e9vidence sur la face avant, dans un encadr\u00e9 \u00e0 bordure noire.<\/li>\n<li>Le nom de l&rsquo;importateur suisse doit figurer sur l&#8217;emballage, avec une adresse en Suisse, un num\u00e9ro de t\u00e9l\u00e9phone et une adresse \u00e9lectronique.<\/li>\n<li>V\u00e9rifiez la pr\u00e9sence d&rsquo;un code UFI sur l&#8217;emballage.<\/li>\n<\/ol>\n<p style=\"font-weight: 400;\">Achetez toujours aupr\u00e8s d&rsquo;un vendeur r\u00e9put\u00e9 en qui vous avez confiance et, si vous achetez en ligne, achetez sur un site web enregistr\u00e9 en Suisse.<\/p>\n<p style=\"font-weight: 400;\">Notre onglet \u00ab Acheter maintenant \u00bb vous renvoie \u00e0 nos partenaires fournisseurs en ligne.<\/p>\n<p>[\/et_pb_accordion_item][\/et_pb_accordion][\/et_pb_column][\/et_pb_row][\/et_pb_section]<\/p>\n","protected":false},"excerpt":{"rendered":"<p><div class=\"et_pb_module lwp_divi_breadcrumbs lwp_divi_breadcrumbs_0\">\n\t\t\t\t\n\t\t\t\t\n\t\t\t\t\n\t\t\t\t\n\t\t\t\t\n\t\t\t\t\n\t\t\t\t<div class=\"et_pb_module_inner\">\n\t\t\t\t\t<div class=\"lwp-breadcrumbs\"> <span class=\"before\"><\/span> <span vocab=\"https:\/\/schema.org\/\" typeof=\"BreadcrumbList\"><span property=\"itemListElement\" typeof=\"ListItem\"><a property=\"item\" typeof=\"WebPage\" href=\"https:\/\/evapify.ch\/fr\/\" class=\"home\"><span property=\"name\">Home<\/span><\/a><meta property=\"position\" content=\"1\"><\/span> <span class=\"separator et-pb-icon\">5<\/span> <\/span><\/div>\n\t\t\t\t<\/div>\n\t\t\t<\/div> Contrairement aux cigarettes ordinaires ou au tabac chauff\u00e9, le vapotage est enti\u00e8rement d\u00e9pourvu de tabac. Les e-cigarettes ne n\u00e9cessitent pas de br\u00fbler ou de chauffer du tabac, mais utilisent un dispositif aliment\u00e9 par une batterie et un \u00e9l\u00e9ment chauffant avec une cartouche contenant un liquide. En soufflant sur l&rsquo;appareil, [&hellip;]<\/p>\n","protected":false},"author":1,"featured_media":0,"parent":0,"menu_order":0,"comment_status":"closed","ping_status":"closed","template":"","meta":{"_et_pb_use_builder":"on","_et_pb_old_content":"","_et_gb_content_width":"","footnotes":""},"class_list":["post-29790","page","type-page","status-publish","hentry"],"jetpack_sharing_enabled":true,"_links":{"self":[{"href":"https:\/\/evapify.ch\/fr\/wp-json\/wp\/v2\/pages\/29790","targetHints":{"allow":["GET"]}}],"collection":[{"href":"https:\/\/evapify.ch\/fr\/wp-json\/wp\/v2\/pages"}],"about":[{"href":"https:\/\/evapify.ch\/fr\/wp-json\/wp\/v2\/types\/page"}],"author":[{"embeddable":true,"href":"https:\/\/evapify.ch\/fr\/wp-json\/wp\/v2\/users\/1"}],"replies":[{"embeddable":true,"href":"https:\/\/evapify.ch\/fr\/wp-json\/wp\/v2\/comments?post=29790"}],"version-history":[{"count":5,"href":"https:\/\/evapify.ch\/fr\/wp-json\/wp\/v2\/pages\/29790\/revisions"}],"predecessor-version":[{"id":31883,"href":"https:\/\/evapify.ch\/fr\/wp-json\/wp\/v2\/pages\/29790\/revisions\/31883"}],"wp:attachment":[{"href":"https:\/\/evapify.ch\/fr\/wp-json\/wp\/v2\/media?parent=29790"}],"curies":[{"name":"wp","href":"https:\/\/api.w.org\/{rel}","templated":true}]}}