{"id":30351,"date":"2023-11-24T07:07:41","date_gmt":"2023-11-24T06:07:41","guid":{"rendered":"https:\/\/evapify.ch\/?page_id=30351"},"modified":"2024-05-07T16:30:04","modified_gmt":"2024-05-07T14:30:04","slug":"geek-bar","status":"publish","type":"page","link":"https:\/\/evapify.ch\/fr\/notre-marque\/geek-bar\/","title":{"rendered":"Geek Bar"},"content":{"rendered":"<p>[et_pb_section fb_built=\u00a0\u00bb1&Prime; module_class=\u00a0\u00bbbannerinside\u00a0\u00bb _builder_version=\u00a0\u00bb4.20.2&Prime; _module_preset=\u00a0\u00bbdefault\u00a0\u00bb use_background_color_gradient=\u00a0\u00bbon\u00a0\u00bb background_color_gradient_stops=\u00a0\u00bb#e5a03c 0%|rgba(255,255,255,0) 100%\u00a0\u00bb background_image=\u00a0\u00bbhttps:\/\/evapify.ch\/wp-content\/uploads\/2023\/11\/banner.jpg\u00a0\u00bb da_disable_devices=\u00a0\u00bboff|off|off\u00a0\u00bb locked=\u00a0\u00bboff\u00a0\u00bb global_colors_info=\u00a0\u00bb{}\u00a0\u00bb da_is_popup=\u00a0\u00bboff\u00a0\u00bb da_exit_intent=\u00a0\u00bboff\u00a0\u00bb da_has_close=\u00a0\u00bbon\u00a0\u00bb da_alt_close=\u00a0\u00bboff\u00a0\u00bb da_dark_close=\u00a0\u00bboff\u00a0\u00bb da_not_modal=\u00a0\u00bbon\u00a0\u00bb da_is_singular=\u00a0\u00bboff\u00a0\u00bb da_with_loader=\u00a0\u00bboff\u00a0\u00bb da_has_shadow=\u00a0\u00bbon\u00a0\u00bb][et_pb_row column_structure=\u00a0\u00bb1_2,1_2&Prime; _builder_version=\u00a0\u00bb4.20.2&Prime; _module_preset=\u00a0\u00bbdefault\u00a0\u00bb global_colors_info=\u00a0\u00bb{}\u00a0\u00bb][et_pb_column type=\u00a0\u00bb1_2&Prime; _builder_version=\u00a0\u00bb4.20.2&Prime; _module_preset=\u00a0\u00bbdefault\u00a0\u00bb global_colors_info=\u00a0\u00bb{}\u00a0\u00bb][et_pb_post_title meta=\u00a0\u00bboff\u00a0\u00bb featured_image=\u00a0\u00bboff\u00a0\u00bb _builder_version=\u00a0\u00bb4.20.2&Prime; _module_preset=\u00a0\u00bbdefault\u00a0\u00bb title_font_size=\u00a0\u00bb80px\u00a0\u00bb global_colors_info=\u00a0\u00bb{}\u00a0\u00bb][\/et_pb_post_title][et_pb_text _builder_version=\u00a0\u00bb4.20.2&Prime; _module_preset=\u00a0\u00bbdefault\u00a0\u00bb text_text_color=\u00a0\u00bb#FFFFFF\u00a0\u00bb header_3_text_color=\u00a0\u00bb#FFFFFF\u00a0\u00bb global_colors_info=\u00a0\u00bb{}\u00a0\u00bb]<\/p>\n<h3>Get your taste explosion<\/h3>\n<p>[\/et_pb_text][\/et_pb_column][et_pb_column type=\u00a0\u00bb1_2&Prime; _builder_version=\u00a0\u00bb4.20.2&Prime; _module_preset=\u00a0\u00bbdefault\u00a0\u00bb global_colors_info=\u00a0\u00bb{}\u00a0\u00bb][\/et_pb_column][\/et_pb_row][\/et_pb_section][et_pb_section fb_built=\u00a0\u00bb1&Prime; _builder_version=\u00a0\u00bb4.20.2&Prime; _module_preset=\u00a0\u00bbdefault\u00a0\u00bb da_disable_devices=\u00a0\u00bboff|off|off\u00a0\u00bb global_colors_info=\u00a0\u00bb{}\u00a0\u00bb da_is_popup=\u00a0\u00bboff\u00a0\u00bb da_exit_intent=\u00a0\u00bboff\u00a0\u00bb da_has_close=\u00a0\u00bbon\u00a0\u00bb da_alt_close=\u00a0\u00bboff\u00a0\u00bb da_dark_close=\u00a0\u00bboff\u00a0\u00bb da_not_modal=\u00a0\u00bbon\u00a0\u00bb da_is_singular=\u00a0\u00bboff\u00a0\u00bb da_with_loader=\u00a0\u00bboff\u00a0\u00bb da_has_shadow=\u00a0\u00bbon\u00a0\u00bb][et_pb_row _builder_version=\u00a0\u00bb4.20.2&Prime; _module_preset=\u00a0\u00bbdefault\u00a0\u00bb global_colors_info=\u00a0\u00bb{}\u00a0\u00bb][et_pb_column type=\u00a0\u00bb4_4&Prime; _builder_version=\u00a0\u00bb4.20.2&Prime; _module_preset=\u00a0\u00bbdefault\u00a0\u00bb global_colors_info=\u00a0\u00bb{}\u00a0\u00bb][et_pb_text _builder_version=\u00a0\u00bb4.20.2&Prime; _module_preset=\u00a0\u00bbdefault\u00a0\u00bb header_3_font=\u00a0\u00bb|||on|||||\u00a0\u00bb header_3_font_size=\u00a0\u00bb30px\u00a0\u00bb global_colors_info=\u00a0\u00bb{}\u00a0\u00bb]<\/p>\n<h2 style=\"text-align: center;\">GEEKBAR MELOSO<\/h2>\n<div class=\"page\" title=\"Page 5\">\n<div class=\"layoutArea\">\n<div class=\"column\">\n<p style=\"text-align: center;\"><span data-contrast=\"auto\"><\/span><\/p>\n<p style=\"text-align: center;\"><span data-contrast=\"auto\"><strong>Geek Bar<\/strong> \u2013 le seul jetable fonctionnant avec la technologie GeekVape (VPU)<\/span><span data-ccp-props=\"{}\"> <\/span><\/p>\n<p style=\"text-align: center;\"><span data-ccp-props=\"{}\"> <\/span><\/p>\n<p style=\"text-align: center;\"><span data-contrast=\"auto\"> <strong> Bobine \u00e0 double maille<\/strong> offre la saveur la plus douce et la plus moelleuse <\/span><span data-ccp-props=\"{}\"> <\/span><\/p>\n<p style=\"text-align: center;\"><span data-ccp-props=\"{}\"> <\/span><\/p>\n<p style=\"text-align: center;\"><span data-contrast=\"auto\"><strong>Contr\u00f4le unique du flux d&rsquo;air<\/strong> pour un nuage encore plus dense. <\/span><span data-ccp-props=\"{}\"> <\/span><\/p>\n<p style=\"text-align: center;\"><span data-ccp-props=\"{}\"> <\/span><\/p>\n<p style=\"text-align: center;\"><span data-contrast=\"auto\"><strong>\u00ab\u00a0L&rsquo;\u00e9tat de l&rsquo;art<\/strong> fabrication automatis\u00e9e pour une fiabilit\u00e9 de 99% <\/span><span data-ccp-props=\"{}\"> <\/span><\/p>\n<\/div>\n<\/div>\n<\/div>\n<p>[\/et_pb_text][\/et_pb_column][\/et_pb_row][et_pb_row column_structure=\u00a0\u00bb1_4,3_4&Prime; use_custom_gutter=\u00a0\u00bbon\u00a0\u00bb gutter_width=\u00a0\u00bb1&Prime; _builder_version=\u00a0\u00bb4.20.2&Prime; _module_preset=\u00a0\u00bbdefault\u00a0\u00bb global_colors_info=\u00a0\u00bb{}\u00a0\u00bb][et_pb_column type=\u00a0\u00bb1_4&Prime; _builder_version=\u00a0\u00bb4.20.2&Prime; _module_preset=\u00a0\u00bbdefault\u00a0\u00bb global_colors_info=\u00a0\u00bb{}\u00a0\u00bb][et_pb_text _builder_version=\u00a0\u00bb4.20.2&Prime; _module_preset=\u00a0\u00bbdefault\u00a0\u00bb header_3_font=\u00a0\u00bb|800|||||||\u00a0\u00bb header_3_text_color=\u00a0\u00bb#00aced\u00a0\u00bb header_3_font_size=\u00a0\u00bb40px\u00a0\u00bb global_colors_info=\u00a0\u00bb{}\u00a0\u00bb custom_padding=\u00a0\u00bb|0px||||\u00a0\u00bb custom_margin=\u00a0\u00bb|-83px||||\u00a0\u00bb]<\/p>\n<h3 style=\"text-align: left;\">PARAM\u00c8TRES<\/h3>\n<p>[\/et_pb_text][\/et_pb_column][et_pb_column type=\u00a0\u00bb3_4&Prime; _builder_version=\u00a0\u00bb4.20.2&Prime; _module_preset=\u00a0\u00bbdefault\u00a0\u00bb global_colors_info=\u00a0\u00bb{}\u00a0\u00bb][et_pb_divider color=\u00a0\u00bb#00aced\u00a0\u00bb divider_position=\u00a0\u00bbcenter\u00a0\u00bb _builder_version=\u00a0\u00bb4.20.2&Prime; _module_preset=\u00a0\u00bbdefault\u00a0\u00bb global_colors_info=\u00a0\u00bb{}\u00a0\u00bb custom_padding=\u00a0\u00bb|||134px||\u00a0\u00bb][\/et_pb_divider][\/et_pb_column][\/et_pb_row][et_pb_row column_structure=\u00a0\u00bb1_4,1_4,1_4,1_4&Prime; _builder_version=\u00a0\u00bb4.20.2&Prime; _module_preset=\u00a0\u00bbdefault\u00a0\u00bb global_colors_info=\u00a0\u00bb{}\u00a0\u00bb][et_pb_column type=\u00a0\u00bb1_4&Prime; _builder_version=\u00a0\u00bb4.20.2&Prime; _module_preset=\u00a0\u00bbdefault\u00a0\u00bb global_colors_info=\u00a0\u00bb{}\u00a0\u00bb][et_pb_image src=\u00a0\u00bbhttps:\/\/evapify.ch\/wp-content\/uploads\/2023\/11\/liquide.png\u00a0\u00bb title_text=\u00a0\u00bbliquide\u00a0\u00bb align=\u00a0\u00bbcenter\u00a0\u00bb _builder_version=\u00a0\u00bb4.20.2&Prime; _module_preset=\u00a0\u00bbdefault\u00a0\u00bb width=\u00a0\u00bb50%\u00a0\u00bb global_colors_info=\u00a0\u00bb{}\u00a0\u00bb][\/et_pb_image][et_pb_text _builder_version=\u00a0\u00bb4.20.2&Prime; _module_preset=\u00a0\u00bbdefault\u00a0\u00bb global_colors_info=\u00a0\u00bb{}\u00a0\u00bb]<\/p>\n<p style=\"text-align: center\">2.0ml e-liquide<\/p>\n<p>[\/et_pb_text][\/et_pb_column][et_pb_column type=\u00a0\u00bb1_4&Prime; _builder_version=\u00a0\u00bb4.20.2&Prime; _module_preset=\u00a0\u00bbdefault\u00a0\u00bb global_colors_info=\u00a0\u00bb{}\u00a0\u00bb][et_pb_image src=\u00a0\u00bbhttps:\/\/evapify.ch\/wp-content\/uploads\/2023\/11\/bouffee.png\u00a0\u00bb title_text=\u00a0\u00bbbouffee\u00a0\u00bb align=\u00a0\u00bbcenter\u00a0\u00bb _builder_version=\u00a0\u00bb4.20.2&Prime; _module_preset=\u00a0\u00bbdefault\u00a0\u00bb width=\u00a0\u00bb50%\u00a0\u00bb global_colors_info=\u00a0\u00bb{}\u00a0\u00bb][\/et_pb_image][et_pb_text _builder_version=\u00a0\u00bb4.20.2&Prime; _module_preset=\u00a0\u00bbdefault\u00a0\u00bb global_colors_info=\u00a0\u00bb{}\u00a0\u00bb]<\/p>\n<p style=\"text-align: center\">600 bouff\u00e9es<\/p>\n<p>[\/et_pb_text][\/et_pb_column][et_pb_column type=\u00a0\u00bb1_4&Prime; _builder_version=\u00a0\u00bb4.20.2&Prime; _module_preset=\u00a0\u00bbdefault\u00a0\u00bb global_colors_info=\u00a0\u00bb{}\u00a0\u00bb][et_pb_image src=\u00a0\u00bbhttps:\/\/evapify.ch\/wp-content\/uploads\/2023\/11\/nicotine.png\u00a0\u00bb title_text=\u00a0\u00bbnicotine\u00a0\u00bb align=\u00a0\u00bbcenter\u00a0\u00bb _builder_version=\u00a0\u00bb4.20.2&Prime; _module_preset=\u00a0\u00bbdefault\u00a0\u00bb width=\u00a0\u00bb50%\u00a0\u00bb global_colors_info=\u00a0\u00bb{}\u00a0\u00bb][\/et_pb_image][et_pb_text _builder_version=\u00a0\u00bb4.20.2&Prime; _module_preset=\u00a0\u00bbdefault\u00a0\u00bb global_colors_info=\u00a0\u00bb{}\u00a0\u00bb]<\/p>\n<p style=\"text-align: center\">2% Nicotine<\/p>\n<p>[\/et_pb_text][\/et_pb_column][et_pb_column type=\u00a0\u00bb1_4&Prime; _builder_version=\u00a0\u00bb4.20.2&Prime; _module_preset=\u00a0\u00bbdefault\u00a0\u00bb global_colors_info=\u00a0\u00bb{}\u00a0\u00bb][et_pb_image src=\u00a0\u00bbhttps:\/\/evapify.ch\/wp-content\/uploads\/2023\/11\/mah.png\u00a0\u00bb title_text=\u00a0\u00bbmah\u00a0\u00bb align=\u00a0\u00bbcenter\u00a0\u00bb _builder_version=\u00a0\u00bb4.20.2&Prime; _module_preset=\u00a0\u00bbdefault\u00a0\u00bb width=\u00a0\u00bb50%\u00a0\u00bb global_colors_info=\u00a0\u00bb{}\u00a0\u00bb][\/et_pb_image][et_pb_text _builder_version=\u00a0\u00bb4.20.2&Prime; _module_preset=\u00a0\u00bbdefault\u00a0\u00bb global_colors_info=\u00a0\u00bb{}\u00a0\u00bb]<\/p>\n<p style=\"text-align: center\">500 mAh<\/p>\n<p>[\/et_pb_text][\/et_pb_column][\/et_pb_row][et_pb_row column_structure=\u00a0\u00bb1_4,3_4&Prime; use_custom_gutter=\u00a0\u00bbon\u00a0\u00bb gutter_width=\u00a0\u00bb1&Prime; _builder_version=\u00a0\u00bb4.20.2&Prime; _module_preset=\u00a0\u00bbdefault\u00a0\u00bb global_colors_info=\u00a0\u00bb{}\u00a0\u00bb][et_pb_column type=\u00a0\u00bb1_4&Prime; _builder_version=\u00a0\u00bb4.20.2&Prime; _module_preset=\u00a0\u00bbdefault\u00a0\u00bb global_colors_info=\u00a0\u00bb{}\u00a0\u00bb][et_pb_text _builder_version=\u00a0\u00bb4.20.2&Prime; _module_preset=\u00a0\u00bbdefault\u00a0\u00bb header_3_font=\u00a0\u00bb|800|||||||\u00a0\u00bb header_3_text_color=\u00a0\u00bb#00aced\u00a0\u00bb header_3_font_size=\u00a0\u00bb40px\u00a0\u00bb global_colors_info=\u00a0\u00bb{}\u00a0\u00bb]<\/p>\n<h3 style=\"text-align: left\">CARACT\u00c9RISTIQUES<\/h3>\n<p>[\/et_pb_text][\/et_pb_column][et_pb_column type=\u00a0\u00bb3_4&Prime; _builder_version=\u00a0\u00bb4.20.2&Prime; _module_preset=\u00a0\u00bbdefault\u00a0\u00bb global_colors_info=\u00a0\u00bb{}\u00a0\u00bb][et_pb_divider color=\u00a0\u00bb#00aced\u00a0\u00bb divider_position=\u00a0\u00bbcenter\u00a0\u00bb _builder_version=\u00a0\u00bb4.20.2&Prime; _module_preset=\u00a0\u00bbdefault\u00a0\u00bb global_colors_info=\u00a0\u00bb{}\u00a0\u00bb][\/et_pb_divider][\/et_pb_column][\/et_pb_row][et_pb_row column_structure=\u00a0\u00bb1_4,1_4,1_4,1_4&Prime; _builder_version=\u00a0\u00bb4.20.2&Prime; _module_preset=\u00a0\u00bbdefault\u00a0\u00bb global_colors_info=\u00a0\u00bb{}\u00a0\u00bb][et_pb_column type=\u00a0\u00bb1_4&Prime; _builder_version=\u00a0\u00bb4.20.2&Prime; _module_preset=\u00a0\u00bbdefault\u00a0\u00bb global_colors_info=\u00a0\u00bb{}\u00a0\u00bb][et_pb_image src=\u00a0\u00bbhttps:\/\/evapify.ch\/wp-content\/uploads\/2023\/11\/dual.png\u00a0\u00bb title_text=\u00a0\u00bbdual\u00a0\u00bb align=\u00a0\u00bbcenter\u00a0\u00bb _builder_version=\u00a0\u00bb4.20.2&Prime; _module_preset=\u00a0\u00bbdefault\u00a0\u00bb width=\u00a0\u00bb50%\u00a0\u00bb global_colors_info=\u00a0\u00bb{}\u00a0\u00bb][\/et_pb_image][et_pb_text _builder_version=\u00a0\u00bb4.20.2&Prime; _module_preset=\u00a0\u00bbdefault\u00a0\u00bb global_colors_info=\u00a0\u00bb{}\u00a0\u00bb]<\/p>\n<p style=\"text-align: center\">Dual <br \/>Mesh Coil<\/p>\n<p>[\/et_pb_text][\/et_pb_column][et_pb_column type=\u00a0\u00bb1_4&Prime; _builder_version=\u00a0\u00bb4.20.2&Prime; _module_preset=\u00a0\u00bbdefault\u00a0\u00bb global_colors_info=\u00a0\u00bb{}\u00a0\u00bb][et_pb_image src=\u00a0\u00bbhttps:\/\/evapify.ch\/wp-content\/uploads\/2023\/11\/apparence.png\u00a0\u00bb title_text=\u00a0\u00bbapparence\u00a0\u00bb align=\u00a0\u00bbcenter\u00a0\u00bb _builder_version=\u00a0\u00bb4.20.2&Prime; _module_preset=\u00a0\u00bbdefault\u00a0\u00bb width=\u00a0\u00bb50%\u00a0\u00bb global_colors_info=\u00a0\u00bb{}\u00a0\u00bb][\/et_pb_image][et_pb_text _builder_version=\u00a0\u00bb4.20.2&Prime; _module_preset=\u00a0\u00bbdefault\u00a0\u00bb global_colors_info=\u00a0\u00bb{}\u00a0\u00bb]<\/p>\n<p style=\"text-align: center\">Apparence <br \/>M\u00e9tallique<\/p>\n<p>[\/et_pb_text][\/et_pb_column][et_pb_column type=\u00a0\u00bb1_4&Prime; _builder_version=\u00a0\u00bb4.20.2&Prime; _module_preset=\u00a0\u00bbdefault\u00a0\u00bb global_colors_info=\u00a0\u00bb{}\u00a0\u00bb][et_pb_image src=\u00a0\u00bbhttps:\/\/evapify.ch\/wp-content\/uploads\/2023\/11\/saveur.png\u00a0\u00bb title_text=\u00a0\u00bbsaveur\u00a0\u00bb align=\u00a0\u00bbcenter\u00a0\u00bb _builder_version=\u00a0\u00bb4.20.2&Prime; _module_preset=\u00a0\u00bbdefault\u00a0\u00bb width=\u00a0\u00bb50%\u00a0\u00bb global_colors_info=\u00a0\u00bb{}\u00a0\u00bb][\/et_pb_image][et_pb_text _builder_version=\u00a0\u00bb4.20.2&Prime; _module_preset=\u00a0\u00bbdefault\u00a0\u00bb global_colors_info=\u00a0\u00bb{}\u00a0\u00bb]<\/p>\n<p style=\"text-align: center\">Saveur<br \/> Incomparable<\/p>\n<p>[\/et_pb_text][\/et_pb_column][et_pb_column type=\u00a0\u00bb1_4&Prime; _builder_version=\u00a0\u00bb4.20.2&Prime; _module_preset=\u00a0\u00bbdefault\u00a0\u00bb global_colors_info=\u00a0\u00bb{}\u00a0\u00bb][et_pb_image src=\u00a0\u00bbhttps:\/\/evapify.ch\/wp-content\/uploads\/2023\/11\/gout.png\u00a0\u00bb title_text=\u00a0\u00bbgout\u00a0\u00bb align=\u00a0\u00bbcenter\u00a0\u00bb _builder_version=\u00a0\u00bb4.20.2&Prime; _module_preset=\u00a0\u00bbdefault\u00a0\u00bb width=\u00a0\u00bb50%\u00a0\u00bb global_colors_info=\u00a0\u00bb{}\u00a0\u00bb][\/et_pb_image][et_pb_text _builder_version=\u00a0\u00bb4.20.2&Prime; _module_preset=\u00a0\u00bbdefault\u00a0\u00bb global_colors_info=\u00a0\u00bb{}\u00a0\u00bb]<\/p>\n<p style=\"text-align: center\">Go\u00fbt <br \/>Constant<\/p>\n<p>[\/et_pb_text][\/et_pb_column][\/et_pb_row][et_pb_row column_structure=\u00a0\u00bb1_3,1_3,1_3&Prime; use_custom_gutter=\u00a0\u00bbon\u00a0\u00bb gutter_width=\u00a0\u00bb2&Prime; _builder_version=\u00a0\u00bb4.20.2&Prime; _module_preset=\u00a0\u00bbdefault\u00a0\u00bb global_colors_info=\u00a0\u00bb{}\u00a0\u00bb][et_pb_column type=\u00a0\u00bb1_3&Prime; _builder_version=\u00a0\u00bb4.20.2&Prime; _module_preset=\u00a0\u00bbdefault\u00a0\u00bb custom_padding=\u00a0\u00bb||||false|false\u00a0\u00bb global_colors_info=\u00a0\u00bb{}\u00a0\u00bb][et_pb_image src=\u00a0\u00bbhttps:\/\/evapify.ch\/wp-content\/uploads\/2023\/11\/dualmesh.jpg\u00a0\u00bb title_text=\u00a0\u00bbdualmesh\u00a0\u00bb align=\u00a0\u00bbcenter\u00a0\u00bb _builder_version=\u00a0\u00bb4.20.2&Prime; _module_preset=\u00a0\u00bbdefault\u00a0\u00bb width=\u00a0\u00bb100%\u00a0\u00bb global_colors_info=\u00a0\u00bb{}\u00a0\u00bb][\/et_pb_image][et_pb_text _builder_version=\u00a0\u00bb4.20.2&Prime; _module_preset=\u00a0\u00bbdefault\u00a0\u00bb global_colors_info=\u00a0\u00bb{}\u00a0\u00bb]<\/p>\n<p style=\"text-align: left\"><strong>Dual Mesh Coil<\/strong><\/p>\n<p>[\/et_pb_text][\/et_pb_column][et_pb_column type=\u00a0\u00bb1_3&Prime; _builder_version=\u00a0\u00bb4.20.2&Prime; _module_preset=\u00a0\u00bbdefault\u00a0\u00bb global_colors_info=\u00a0\u00bb{}\u00a0\u00bb][et_pb_image src=\u00a0\u00bbhttps:\/\/evapify.ch\/wp-content\/uploads\/2023\/11\/vpu.jpg\u00a0\u00bb title_text=\u00a0\u00bbvpu\u00a0\u00bb align=\u00a0\u00bbcenter\u00a0\u00bb _builder_version=\u00a0\u00bb4.20.2&Prime; _module_preset=\u00a0\u00bbdefault\u00a0\u00bb width=\u00a0\u00bb100%\u00a0\u00bb global_colors_info=\u00a0\u00bb{}\u00a0\u00bb][\/et_pb_image][et_pb_text _builder_version=\u00a0\u00bb4.20.2&Prime; _module_preset=\u00a0\u00bbdefault\u00a0\u00bb global_colors_info=\u00a0\u00bb{}\u00a0\u00bb]<\/p>\n<p><strong>VPU Technologie<\/strong><\/p>\n<p>[\/et_pb_text][\/et_pb_column][et_pb_column type=\u00a0\u00bb1_3&Prime; _builder_version=\u00a0\u00bb4.20.2&Prime; _module_preset=\u00a0\u00bbdefault\u00a0\u00bb global_colors_info=\u00a0\u00bb{}\u00a0\u00bb][et_pb_image src=\u00a0\u00bbhttps:\/\/evapify.ch\/wp-content\/uploads\/2023\/11\/triple.jpg\u00a0\u00bb title_text=\u00a0\u00bbtriple\u00a0\u00bb align=\u00a0\u00bbcenter\u00a0\u00bb _builder_version=\u00a0\u00bb4.20.2&Prime; _module_preset=\u00a0\u00bbdefault\u00a0\u00bb width=\u00a0\u00bb100%\u00a0\u00bb global_colors_info=\u00a0\u00bb{}\u00a0\u00bb][\/et_pb_image][et_pb_text _builder_version=\u00a0\u00bb4.20.2&Prime; _module_preset=\u00a0\u00bbdefault\u00a0\u00bb global_colors_info=\u00a0\u00bb{}\u00a0\u00bb]<\/p>\n<p><strong>Airflow triple-trou<\/strong><\/p>\n<p>[\/et_pb_text][\/et_pb_column][\/et_pb_row][et_pb_row column_structure=\u00a0\u00bb1_4,3_4&Prime; use_custom_gutter=\u00a0\u00bbon\u00a0\u00bb gutter_width=\u00a0\u00bb1&Prime; _builder_version=\u00a0\u00bb4.20.2&Prime; _module_preset=\u00a0\u00bbdefault\u00a0\u00bb global_colors_info=\u00a0\u00bb{}\u00a0\u00bb][et_pb_column type=\u00a0\u00bb1_4&Prime; _builder_version=\u00a0\u00bb4.20.2&Prime; _module_preset=\u00a0\u00bbdefault\u00a0\u00bb global_colors_info=\u00a0\u00bb{}\u00a0\u00bb][et_pb_text _builder_version=\u00a0\u00bb4.20.2&Prime; _module_preset=\u00a0\u00bbdefault\u00a0\u00bb header_3_font=\u00a0\u00bb|800|||||||\u00a0\u00bb header_3_text_color=\u00a0\u00bb#00aced\u00a0\u00bb header_3_font_size=\u00a0\u00bb40px\u00a0\u00bb global_colors_info=\u00a0\u00bb{}\u00a0\u00bb]<\/p>\n<h3 style=\"text-align: left\">10 SAVEURS<\/h3>\n<p>[\/et_pb_text][\/et_pb_column][et_pb_column type=\u00a0\u00bb3_4&Prime; _builder_version=\u00a0\u00bb4.20.2&Prime; _module_preset=\u00a0\u00bbdefault\u00a0\u00bb global_colors_info=\u00a0\u00bb{}\u00a0\u00bb][et_pb_divider color=\u00a0\u00bb#00aced\u00a0\u00bb divider_position=\u00a0\u00bbcenter\u00a0\u00bb _builder_version=\u00a0\u00bb4.20.2&Prime; _module_preset=\u00a0\u00bbdefault\u00a0\u00bb global_colors_info=\u00a0\u00bb{}\u00a0\u00bb][\/et_pb_divider][\/et_pb_column][\/et_pb_row][et_pb_row _builder_version=\u00a0\u00bb4.20.2&Prime; _module_preset=\u00a0\u00bbdefault\u00a0\u00bb global_colors_info=\u00a0\u00bb{}\u00a0\u00bb][et_pb_column type=\u00a0\u00bb4_4&Prime; _builder_version=\u00a0\u00bb4.20.2&Prime; _module_preset=\u00a0\u00bbdefault\u00a0\u00bb global_colors_info=\u00a0\u00bb{}\u00a0\u00bb][et_pb_image src=\u00a0\u00bbhttps:\/\/evapify.ch\/wp-content\/uploads\/2023\/11\/geekbar.png\u00a0\u00bb title_text=\u00a0\u00bbgeekbar\u00a0\u00bb _builder_version=\u00a0\u00bb4.20.2&Prime; _module_preset=\u00a0\u00bbdefault\u00a0\u00bb global_colors_info=\u00a0\u00bb{}\u00a0\u00bb][\/et_pb_image][\/et_pb_column][\/et_pb_row][\/et_pb_section]<\/p>\n","protected":false},"excerpt":{"rendered":"<p>Get your taste explosionGEEKBAR MELOSO Geek Bar \u2013 le seul jetable fonctionnant avec la technologie GeekVape (VPU) Bobine \u00e0 double maille offre la saveur la plus douce et la plus moelleuse Contr\u00f4le unique du flux d&rsquo;air pour un nuage encore plus dense. \u00ab\u00a0L&rsquo;\u00e9tat de l&rsquo;art fabrication automatis\u00e9e pour une fiabilit\u00e9 de 99% PARAM\u00c8TRES2.0ml e-liquide600 bouff\u00e9es2% [&hellip;]<\/p>\n","protected":false},"author":1,"featured_media":0,"parent":29781,"menu_order":0,"comment_status":"closed","ping_status":"closed","template":"","meta":{"_et_pb_use_builder":"on","_et_pb_old_content":"","_et_gb_content_width":"","footnotes":""},"class_list":["post-30351","page","type-page","status-publish","hentry"],"jetpack_sharing_enabled":true,"_links":{"self":[{"href":"https:\/\/evapify.ch\/fr\/wp-json\/wp\/v2\/pages\/30351","targetHints":{"allow":["GET"]}}],"collection":[{"href":"https:\/\/evapify.ch\/fr\/wp-json\/wp\/v2\/pages"}],"about":[{"href":"https:\/\/evapify.ch\/fr\/wp-json\/wp\/v2\/types\/page"}],"author":[{"embeddable":true,"href":"https:\/\/evapify.ch\/fr\/wp-json\/wp\/v2\/users\/1"}],"replies":[{"embeddable":true,"href":"https:\/\/evapify.ch\/fr\/wp-json\/wp\/v2\/comments?post=30351"}],"version-history":[{"count":7,"href":"https:\/\/evapify.ch\/fr\/wp-json\/wp\/v2\/pages\/30351\/revisions"}],"predecessor-version":[{"id":31895,"href":"https:\/\/evapify.ch\/fr\/wp-json\/wp\/v2\/pages\/30351\/revisions\/31895"}],"up":[{"embeddable":true,"href":"https:\/\/evapify.ch\/fr\/wp-json\/wp\/v2\/pages\/29781"}],"wp:attachment":[{"href":"https:\/\/evapify.ch\/fr\/wp-json\/wp\/v2\/media?parent=30351"}],"curies":[{"name":"wp","href":"https:\/\/api.w.org\/{rel}","templated":true}]}}