{"id":32779,"date":"2025-05-07T21:35:08","date_gmt":"2025-05-07T19:35:08","guid":{"rendered":"https:\/\/evapify.ch\/crystal-cl6000\/"},"modified":"2025-05-07T21:48:28","modified_gmt":"2025-05-07T19:48:28","slug":"crystal-cl6000","status":"publish","type":"page","link":"https:\/\/evapify.ch\/fr\/crystal-cl6000\/","title":{"rendered":"CRYSTAL CL6000"},"content":{"rendered":"<p>[et_pb_section fb_built=\u00a0\u00bb1&Prime; fullwidth=\u00a0\u00bbon\u00a0\u00bb _builder_version=\u00a0\u00bb4.20.2&Prime; _module_preset=\u00a0\u00bbdefault\u00a0\u00bb background_color=\u00a0\u00bb#FFFFFF\u00a0\u00bb da_disable_devices=\u00a0\u00bboff|off|off\u00a0\u00bb global_colors_info=\u00a0\u00bb{}\u00a0\u00bb theme_builder_area=\u00a0\u00bbpost_content\u00a0\u00bb da_is_popup=\u00a0\u00bboff\u00a0\u00bb da_exit_intent=\u00a0\u00bboff\u00a0\u00bb da_has_close=\u00a0\u00bbon\u00a0\u00bb da_alt_close=\u00a0\u00bboff\u00a0\u00bb da_dark_close=\u00a0\u00bboff\u00a0\u00bb da_not_modal=\u00a0\u00bbon\u00a0\u00bb da_is_singular=\u00a0\u00bboff\u00a0\u00bb da_with_loader=\u00a0\u00bboff\u00a0\u00bb da_has_shadow=\u00a0\u00bbon\u00a0\u00bb][et_pb_fullwidth_image src=\u00a0\u00bbhttps:\/\/evapify.ch\/wp-content\/uploads\/2025\/04\/Cream-Blue-Coffee-Poster-7.png\u00a0\u00bb title_text=\u00a0\u00bbCream Blue Coffee Poster (7)\u00a0\u00bb _builder_version=\u00a0\u00bb4.20.2&Prime; _module_preset=\u00a0\u00bbdefault\u00a0\u00bb global_colors_info=\u00a0\u00bb{}\u00a0\u00bb theme_builder_area=\u00a0\u00bbpost_content\u00a0\u00bb][\/et_pb_fullwidth_image][\/et_pb_section][et_pb_section fb_built=\u00a0\u00bb1&Prime; _builder_version=\u00a0\u00bb4.20.2&Prime; _module_preset=\u00a0\u00bbdefault\u00a0\u00bb background_color=\u00a0\u00bbRGBA(255,255,255,0)\u00a0\u00bb da_disable_devices=\u00a0\u00bboff|off|off\u00a0\u00bb global_colors_info=\u00a0\u00bb{}\u00a0\u00bb theme_builder_area=\u00a0\u00bbpost_content\u00a0\u00bb da_is_popup=\u00a0\u00bboff\u00a0\u00bb da_exit_intent=\u00a0\u00bboff\u00a0\u00bb da_has_close=\u00a0\u00bbon\u00a0\u00bb da_alt_close=\u00a0\u00bboff\u00a0\u00bb da_dark_close=\u00a0\u00bboff\u00a0\u00bb da_not_modal=\u00a0\u00bbon\u00a0\u00bb da_is_singular=\u00a0\u00bboff\u00a0\u00bb da_with_loader=\u00a0\u00bboff\u00a0\u00bb da_has_shadow=\u00a0\u00bbon\u00a0\u00bb][et_pb_row _builder_version=\u00a0\u00bb4.20.2&Prime; _module_preset=\u00a0\u00bbdefault\u00a0\u00bb global_colors_info=\u00a0\u00bb{}\u00a0\u00bb theme_builder_area=\u00a0\u00bbpost_content\u00a0\u00bb][et_pb_column type=\u00a0\u00bb4_4&Prime; _builder_version=\u00a0\u00bb4.20.2&Prime; _module_preset=\u00a0\u00bbdefault\u00a0\u00bb global_colors_info=\u00a0\u00bb{}\u00a0\u00bb theme_builder_area=\u00a0\u00bbpost_content\u00a0\u00bb][et_pb_button button_url=\u00a0\u00bbhttps:\/\/www.shisha-heaven.ch\/en\/ske-crystal-cl6000\/\u00a0\u00bb url_new_window=\u00a0\u00bbon\u00a0\u00bb button_text=\u00a0\u00bbAcheter Maintenant \u00a0\u00bb button_alignment=\u00a0\u00bbcenter\u00a0\u00bb _builder_version=\u00a0\u00bb4.20.2&Prime; _module_preset=\u00a0\u00bbdefault\u00a0\u00bb custom_button=\u00a0\u00bbon\u00a0\u00bb button_text_size=\u00a0\u00bb32px\u00a0\u00bb button_text_color=\u00a0\u00bb#000000&Prime; button_text_shadow_style=\u00a0\u00bbpreset4&Prime; global_colors_info=\u00a0\u00bb{}\u00a0\u00bb theme_builder_area=\u00a0\u00bbpost_content\u00a0\u00bb][\/et_pb_button][\/et_pb_column][\/et_pb_row][\/et_pb_section][et_pb_section fb_built=\u00a0\u00bb1&Prime; custom_padding_last_edited=\u00a0\u00bbon|phone\u00a0\u00bb admin_label=\u00a0\u00bbHero \u00a0\u00bb _builder_version=\u00a0\u00bb4.20.2&Prime; _module_preset=\u00a0\u00bbdefault\u00a0\u00bb background_color=\u00a0\u00bb#FFFFFF\u00a0\u00bb custom_padding=\u00a0\u00bb0px|60px|0px|60px|true|true\u00a0\u00bb custom_padding_tablet=\u00a0\u00bb|5vw||5vw|true|true\u00a0\u00bb custom_padding_phone=\u00a0\u00bb|5vw||5vw|true|true\u00a0\u00bb da_disable_devices=\u00a0\u00bboff|off|off\u00a0\u00bb global_colors_info=\u00a0\u00bb{}\u00a0\u00bb theme_builder_area=\u00a0\u00bbpost_content\u00a0\u00bb da_is_popup=\u00a0\u00bboff\u00a0\u00bb da_exit_intent=\u00a0\u00bboff\u00a0\u00bb da_has_close=\u00a0\u00bbon\u00a0\u00bb da_alt_close=\u00a0\u00bboff\u00a0\u00bb da_dark_close=\u00a0\u00bboff\u00a0\u00bb da_not_modal=\u00a0\u00bbon\u00a0\u00bb da_is_singular=\u00a0\u00bboff\u00a0\u00bb da_with_loader=\u00a0\u00bboff\u00a0\u00bb da_has_shadow=\u00a0\u00bbon\u00a0\u00bb][et_pb_row column_structure=\u00a0\u00bb1_2,1_2&Prime; _builder_version=\u00a0\u00bb4.25.0&Prime; _module_preset=\u00a0\u00bbdefault\u00a0\u00bb width=\u00a0\u00bb100%\u00a0\u00bb max_width=\u00a0\u00bbnone\u00a0\u00bb custom_padding=\u00a0\u00bb0px||0px||true|false\u00a0\u00bb global_colors_info=\u00a0\u00bb{}\u00a0\u00bb theme_builder_area=\u00a0\u00bbpost_content\u00a0\u00bb][et_pb_column type=\u00a0\u00bb1_2&Prime; _builder_version=\u00a0\u00bb4.24.2&Prime; _module_preset=\u00a0\u00bbdefault\u00a0\u00bb custom_padding=\u00a0\u00bb8vw||||false|false\u00a0\u00bb custom_padding_tablet=\u00a0\u00bb0vw||||false|false\u00a0\u00bb custom_padding_phone=\u00a0\u00bb0vw||||false|false\u00a0\u00bb custom_padding_last_edited=\u00a0\u00bbon|desktop\u00a0\u00bb global_colors_info=\u00a0\u00bb{}\u00a0\u00bb theme_builder_area=\u00a0\u00bbpost_content\u00a0\u00bb][et_pb_text _builder_version=\u00a0\u00bb4.20.2&Prime; _module_preset=\u00a0\u00bbdefault\u00a0\u00bb custom_margin=\u00a0\u00bb-61px|||||\u00a0\u00bb custom_padding=\u00a0\u00bb0px|||||\u00a0\u00bb hover_enabled=\u00a0\u00bb0&Prime; global_colors_info=\u00a0\u00bb{}\u00a0\u00bb theme_builder_area=\u00a0\u00bbpost_content\u00a0\u00bb sticky_enabled=\u00a0\u00bb0&Prime;]<\/p>\n<p><span data-contrast=\"auto\" xml:lang=\"EN-GB\" lang=\"EN-GB\" class=\"TextRun SCXW9345329 BCX0\"><span class=\"NormalTextRun SCXW9345329 BCX0\">Crystal CL6000 Prefilled Kit<\/span><\/span><span class=\"LineBreakBlob BlobObject DragDrop SCXW9345329 BCX0\"><span class=\"SCXW9345329 BCX0\"> <\/span><br class=\"SCXW9345329 BCX0\"><\/span><span data-contrast=\"auto\" xml:lang=\"EN-GB\" lang=\"EN-GB\" class=\"TextRun SCXW9345329 BCX0\"><span class=\"NormalTextRun SCXW9345329 BCX0\">Le Crystal CL6000 Prefilled Kit <\/span><span class=\"NormalTextRun SpellingErrorV2Themed SCXW9345329 BCX0\">est<\/span><span class=\"NormalTextRun SCXW9345329 BCX0\"> le choix <\/span><span class=\"NormalTextRun SpellingErrorV2Themed SCXW9345329 BCX0\">id\u00e9al<\/span><span class=\"NormalTextRun SCXW9345329 BCX0\"> pour les <\/span><span class=\"NormalTextRun SpellingErrorV2Themed SCXW9345329 BCX0\">vapoteurs<\/span><span class=\"NormalTextRun SCXW9345329 BCX0\"> <\/span><span class=\"NormalTextRun SpellingErrorV2Themed SCXW9345329 BCX0\">exp\u00e9riment\u00e9s<\/span><span class=\"NormalTextRun SCXW9345329 BCX0\"> \u00e0 la recherche <\/span><span class=\"NormalTextRun SpellingErrorV2Themed SCXW9345329 BCX0\">d\u2019une<\/span><span class=\"NormalTextRun SCXW9345329 BCX0\"> <\/span><span class=\"NormalTextRun SpellingErrorV2Themed SCXW9345329 BCX0\">exp\u00e9rience<\/span><span class=\"NormalTextRun SCXW9345329 BCX0\"> premium et sans <\/span><span class=\"NormalTextRun SpellingErrorV2Themed SCXW9345329 BCX0\">tracas<\/span><span class=\"NormalTextRun SCXW9345329 BCX0\">. <\/span><span class=\"NormalTextRun SpellingErrorV2Themed SCXW9345329 BCX0\">Con\u00e7u<\/span><span class=\"NormalTextRun SCXW9345329 BCX0\"> pour <\/span><span class=\"NormalTextRun SpellingErrorV2Themed SCXW9345329 BCX0\">offrir<\/span><span class=\"NormalTextRun SCXW9345329 BCX0\"> <\/span><span class=\"NormalTextRun SpellingErrorV2Themed SCXW9345329 BCX0\">une<\/span><span class=\"NormalTextRun SCXW9345329 BCX0\"> <\/span><span class=\"NormalTextRun SpellingErrorV2Themed SCXW9345329 BCX0\">commodit\u00e9<\/span><span class=\"NormalTextRun SCXW9345329 BCX0\"> <\/span><span class=\"NormalTextRun SpellingErrorV2Themed SCXW9345329 BCX0\">maximale<\/span><span class=\"NormalTextRun SCXW9345329 BCX0\">, le CL6000 <\/span><span class=\"NormalTextRun SpellingErrorV2Themed SCXW9345329 BCX0\">est<\/span><span class=\"NormalTextRun SCXW9345329 BCX0\"> <\/span><span class=\"NormalTextRun SpellingErrorV2Themed SCXW9345329 BCX0\">\u00e9quip\u00e9<\/span><span class=\"NormalTextRun SCXW9345329 BCX0\"> d\u2019un <\/span><span class=\"NormalTextRun SpellingErrorV2Themed SCXW9345329 BCX0\">r\u00e9servoir<\/span><span class=\"NormalTextRun SCXW9345329 BCX0\"> <\/span><span class=\"NormalTextRun SpellingErrorV2Themed SCXW9345329 BCX0\">pr\u00e9rempli<\/span><span class=\"NormalTextRun SCXW9345329 BCX0\"> de 2 ml avec <\/span><span class=\"NormalTextRun SpellingErrorV2Themed SCXW9345329 BCX0\">une<\/span><span class=\"NormalTextRun SCXW9345329 BCX0\"> <\/span><span class=\"NormalTextRun SpellingErrorV2Themed SCXW9345329 BCX0\">r\u00e9sistance<\/span><span class=\"NormalTextRun SCXW9345329 BCX0\"> <\/span><span class=\"NormalTextRun SpellingErrorV2Themed SCXW9345329 BCX0\">en<\/span><span class=\"NormalTextRun SCXW9345329 BCX0\"> mesh <\/span><span class=\"NormalTextRun SpellingErrorV2Themed SCXW9345329 BCX0\">avanc\u00e9e<\/span><span class=\"NormalTextRun SCXW9345329 BCX0\">, <\/span><span class=\"NormalTextRun SpellingErrorV2Themed SCXW9345329 BCX0\">d\u2019une<\/span><span class=\"NormalTextRun SCXW9345329 BCX0\"> batterie rechargeable de 800 <\/span><span class=\"NormalTextRun SpellingErrorV2Themed SCXW9345329 BCX0\">mAh<\/span><span class=\"NormalTextRun SCXW9345329 BCX0\"> et d\u2019un <\/span><span class=\"NormalTextRun SpellingErrorV2Themed SCXW9345329 BCX0\">conteneur<\/span><span class=\"NormalTextRun SCXW9345329 BCX0\"> de 10 ml de e-<\/span><span class=\"NormalTextRun SpellingErrorV2Themed SCXW9345329 BCX0\">liquide<\/span><span class=\"NormalTextRun SCXW9345329 BCX0\"> <\/span><span class=\"NormalTextRun SpellingErrorV2Themed SCXW9345329 BCX0\">pr\u00e9rempli<\/span><span class=\"NormalTextRun SCXW9345329 BCX0\">, <\/span><span class=\"NormalTextRun SpellingErrorV2Themed SCXW9345329 BCX0\">\u00e9liminant<\/span><span class=\"NormalTextRun SCXW9345329 BCX0\"> <\/span><span class=\"NormalTextRun SpellingErrorV2Themed SCXW9345329 BCX0\">ainsi<\/span><span class=\"NormalTextRun SCXW9345329 BCX0\"> le <\/span><span class=\"NormalTextRun SpellingErrorV2Themed SCXW9345329 BCX0\">besoin<\/span><span class=\"NormalTextRun SCXW9345329 BCX0\"> de <\/span><span class=\"NormalTextRun SpellingErrorV2Themed SCXW9345329 BCX0\">remplissages<\/span><span class=\"NormalTextRun SCXW9345329 BCX0\"> <\/span><span class=\"NormalTextRun SpellingErrorV2Themed SCXW9345329 BCX0\">salissants<\/span><span class=\"NormalTextRun SCXW9345329 BCX0\">. Le CL6000 <\/span><span class=\"NormalTextRun SpellingErrorV2Themed SCXW9345329 BCX0\">garantit<\/span><span class=\"NormalTextRun SCXW9345329 BCX0\"> <\/span><span class=\"NormalTextRun SpellingErrorV2Themed SCXW9345329 BCX0\">une<\/span><span class=\"NormalTextRun SCXW9345329 BCX0\"> performance <\/span><span class=\"NormalTextRun SpellingErrorV2Themed SCXW9345329 BCX0\">constante<\/span><span class=\"NormalTextRun SCXW9345329 BCX0\"> et <\/span><span class=\"NormalTextRun SpellingErrorV2Themed SCXW9345329 BCX0\">satisfaisante<\/span><span class=\"NormalTextRun SCXW9345329 BCX0\"> <\/span><span class=\"NormalTextRun SpellingErrorV2Themed SCXW9345329 BCX0\">jusqu\u2019\u00e0<\/span><span class=\"NormalTextRun SCXW9345329 BCX0\"> 6000 <\/span><span class=\"NormalTextRun SpellingErrorV2Themed SCXW9345329 BCX0\">bouff\u00e9es<\/span><span class=\"NormalTextRun SCXW9345329 BCX0\">.<\/span><\/span><span class=\"LineBreakBlob BlobObject DragDrop SCXW9345329 BCX0\"><span class=\"SCXW9345329 BCX0\"> <\/span><br class=\"SCXW9345329 BCX0\"><\/span><span data-contrast=\"auto\" xml:lang=\"EN-GB\" lang=\"EN-GB\" class=\"TextRun SCXW9345329 BCX0\"><span class=\"NormalTextRun SCXW9345329 BCX0\">Dans le kit CL6000, la batterie, le <\/span><span class=\"NormalTextRun SpellingErrorV2Themed SCXW9345329 BCX0\">r\u00e9servoir<\/span><span class=\"NormalTextRun SCXW9345329 BCX0\"> <\/span><span class=\"NormalTextRun SpellingErrorV2Themed SCXW9345329 BCX0\">pr\u00e9rempli<\/span><span class=\"NormalTextRun SCXW9345329 BCX0\"> de 2 ml avec la <\/span><span class=\"NormalTextRun SpellingErrorV2Themed SCXW9345329 BCX0\">r\u00e9sistance<\/span><span class=\"NormalTextRun SCXW9345329 BCX0\">, et le <\/span><span class=\"NormalTextRun SpellingErrorV2Themed SCXW9345329 BCX0\">conteneur<\/span><span class=\"NormalTextRun SCXW9345329 BCX0\"> de 10 ml <\/span><span class=\"NormalTextRun SpellingErrorV2Themed SCXW9345329 BCX0\">sont<\/span><span class=\"NormalTextRun SCXW9345329 BCX0\"> <\/span><span class=\"NormalTextRun SpellingErrorV2Themed SCXW9345329 BCX0\">emball\u00e9s<\/span><span class=\"NormalTextRun SCXW9345329 BCX0\"> <\/span><span class=\"NormalTextRun SpellingErrorV2Themed SCXW9345329 BCX0\">individuellement<\/span><span class=\"NormalTextRun SCXW9345329 BCX0\">. Le pack de recharge <\/span><span class=\"NormalTextRun SpellingErrorV2Themed SCXW9345329 BCX0\">contient<\/span><span class=\"NormalTextRun SCXW9345329 BCX0\"> le <\/span><span class=\"NormalTextRun SpellingErrorV2Themed SCXW9345329 BCX0\">r\u00e9servoir<\/span><span class=\"NormalTextRun SCXW9345329 BCX0\"> <\/span><span class=\"NormalTextRun SpellingErrorV2Themed SCXW9345329 BCX0\">pr\u00e9rempli<\/span><span class=\"NormalTextRun SCXW9345329 BCX0\"> de 2 ml avec <\/span><span class=\"NormalTextRun SpellingErrorV2Themed SCXW9345329 BCX0\">r\u00e9sistance<\/span><span class=\"NormalTextRun SCXW9345329 BCX0\"> et le e-<\/span><span class=\"NormalTextRun SpellingErrorV2Themed SCXW9345329 BCX0\">liquide<\/span><span class=\"NormalTextRun SCXW9345329 BCX0\"> de 10 ml.<\/span><\/span><span class=\"LineBreakBlob BlobObject DragDrop SCXW9345329 BCX0\"><span class=\"SCXW9345329 BCX0\"> <\/span><br class=\"SCXW9345329 BCX0\"><\/span><span data-contrast=\"auto\" xml:lang=\"EN-GB\" lang=\"EN-GB\" class=\"TextRun SCXW9345329 BCX0\"><span class=\"NormalTextRun SCXW9345329 BCX0\">L\u2019unit\u00e9 de batterie <\/span><span class=\"NormalTextRun SpellingErrorV2Themed SCXW9345329 BCX0\">est<\/span><span class=\"NormalTextRun SCXW9345329 BCX0\"> <\/span><span class=\"NormalTextRun SpellingErrorV2Themed SCXW9345329 BCX0\">facilement<\/span><span class=\"NormalTextRun SCXW9345329 BCX0\"> rechargeable et dure <\/span><span class=\"NormalTextRun SpellingErrorV2Themed SCXW9345329 BCX0\">jusqu\u2019\u00e0<\/span><span class=\"NormalTextRun SCXW9345329 BCX0\"> 12 <\/span><span class=\"NormalTextRun SpellingErrorV2Themed SCXW9345329 BCX0\">mois<\/span><span class=\"NormalTextRun SCXW9345329 BCX0\">, <\/span><span class=\"NormalTextRun SpellingErrorV2Themed SCXW9345329 BCX0\">r\u00e9duisant<\/span><span class=\"NormalTextRun SCXW9345329 BCX0\"> <\/span><span class=\"NormalTextRun SpellingErrorV2Themed SCXW9345329 BCX0\">ainsi<\/span><span class=\"NormalTextRun SCXW9345329 BCX0\"> <\/span><span class=\"NormalTextRun SpellingErrorV2Themed SCXW9345329 BCX0\">consid\u00e9rablement<\/span><span class=\"NormalTextRun SCXW9345329 BCX0\"> les <\/span><span class=\"NormalTextRun SpellingErrorV2Themed SCXW9345329 BCX0\">d\u00e9chets<\/span><span class=\"NormalTextRun SCXW9345329 BCX0\">.<\/span><\/span><span class=\"EOP SCXW9345329 BCX0\" data-ccp-props=\"{}\"> <\/span><\/p>\n<p>[\/et_pb_text][\/et_pb_column][et_pb_column type=\u00a0\u00bb1_2&Prime; _builder_version=\u00a0\u00bb4.24.2&Prime; _module_preset=\u00a0\u00bbdefault\u00a0\u00bb border_radii=\u00a0\u00bbon|10px|10px|10px|10px\u00a0\u00bb global_colors_info=\u00a0\u00bb{}\u00a0\u00bb theme_builder_area=\u00a0\u00bbpost_content\u00a0\u00bb][et_pb_video src=\u00a0\u00bbhttps:\/\/evapify.ch\/wp-content\/uploads\/2025\/05\/Untitled-design.mp4&Prime; _builder_version=\u00a0\u00bb4.20.2&Prime; _module_preset=\u00a0\u00bbdefault\u00a0\u00bb global_colors_info=\u00a0\u00bb{}\u00a0\u00bb theme_builder_area=\u00a0\u00bbpost_content\u00a0\u00bb][\/et_pb_video][\/et_pb_column][\/et_pb_row][\/et_pb_section][et_pb_section fb_built=\u00a0\u00bb1&Prime; _builder_version=\u00a0\u00bb4.20.2&Prime; _module_preset=\u00a0\u00bbdefault\u00a0\u00bb custom_margin=\u00a0\u00bb||-248px|||\u00a0\u00bb da_disable_devices=\u00a0\u00bboff|off|off\u00a0\u00bb global_colors_info=\u00a0\u00bb{}\u00a0\u00bb theme_builder_area=\u00a0\u00bbpost_content\u00a0\u00bb da_is_popup=\u00a0\u00bboff\u00a0\u00bb da_exit_intent=\u00a0\u00bboff\u00a0\u00bb da_has_close=\u00a0\u00bbon\u00a0\u00bb da_alt_close=\u00a0\u00bboff\u00a0\u00bb da_dark_close=\u00a0\u00bboff\u00a0\u00bb da_not_modal=\u00a0\u00bbon\u00a0\u00bb da_is_singular=\u00a0\u00bboff\u00a0\u00bb da_with_loader=\u00a0\u00bboff\u00a0\u00bb da_has_shadow=\u00a0\u00bbon\u00a0\u00bb][et_pb_row _builder_version=\u00a0\u00bb4.20.2&Prime; _module_preset=\u00a0\u00bbdefault\u00a0\u00bb global_colors_info=\u00a0\u00bb{}\u00a0\u00bb theme_builder_area=\u00a0\u00bbpost_content\u00a0\u00bb][et_pb_column type=\u00a0\u00bb4_4&Prime; _builder_version=\u00a0\u00bb4.20.2&Prime; _module_preset=\u00a0\u00bbdefault\u00a0\u00bb global_colors_info=\u00a0\u00bb{}\u00a0\u00bb theme_builder_area=\u00a0\u00bbpost_content\u00a0\u00bb][et_pb_text _builder_version=\u00a0\u00bb4.20.2&Prime; _module_preset=\u00a0\u00bbdefault\u00a0\u00bb hover_enabled=\u00a0\u00bb0&Prime; global_colors_info=\u00a0\u00bb{}\u00a0\u00bb theme_builder_area=\u00a0\u00bbpost_content\u00a0\u00bb sticky_enabled=\u00a0\u00bb0&Prime;]<\/p>\n<h1 style=\"text-align: center;\">APPAREILS<\/h1>\n<p>[\/et_pb_text][\/et_pb_column][\/et_pb_row][\/et_pb_section][et_pb_section fb_built=\u00a0\u00bb1&Prime; fullwidth=\u00a0\u00bbon\u00a0\u00bb _builder_version=\u00a0\u00bb4.20.2&Prime; _module_preset=\u00a0\u00bbdefault\u00a0\u00bb da_disable_devices=\u00a0\u00bboff|off|off\u00a0\u00bb global_colors_info=\u00a0\u00bb{}\u00a0\u00bb theme_builder_area=\u00a0\u00bbpost_content\u00a0\u00bb da_is_popup=\u00a0\u00bboff\u00a0\u00bb da_exit_intent=\u00a0\u00bboff\u00a0\u00bb da_has_close=\u00a0\u00bbon\u00a0\u00bb da_alt_close=\u00a0\u00bboff\u00a0\u00bb da_dark_close=\u00a0\u00bboff\u00a0\u00bb da_not_modal=\u00a0\u00bbon\u00a0\u00bb da_is_singular=\u00a0\u00bboff\u00a0\u00bb da_with_loader=\u00a0\u00bboff\u00a0\u00bb da_has_shadow=\u00a0\u00bbon\u00a0\u00bb][et_pb_fullwidth_image src=\u00a0\u00bbhttps:\/\/evapify.ch\/wp-content\/uploads\/2025\/05\/Navy-and-Light-Gray-Modern-Business-Banner-3240-x-1080-px-scaled.png\u00a0\u00bb title_text=\u00a0\u00bbNavy and Light Gray Modern Business Banner (3240 x 1080 px)\u00a0\u00bb _builder_version=\u00a0\u00bb4.20.2&Prime; _module_preset=\u00a0\u00bbdefault\u00a0\u00bb global_colors_info=\u00a0\u00bb{}\u00a0\u00bb theme_builder_area=\u00a0\u00bbpost_content\u00a0\u00bb][\/et_pb_fullwidth_image][\/et_pb_section][et_pb_section fb_built=\u00a0\u00bb1&Prime; _builder_version=\u00a0\u00bb4.20.2&Prime; _module_preset=\u00a0\u00bbdefault\u00a0\u00bb da_disable_devices=\u00a0\u00bboff|off|off\u00a0\u00bb global_colors_info=\u00a0\u00bb{}\u00a0\u00bb theme_builder_area=\u00a0\u00bbpost_content\u00a0\u00bb da_is_popup=\u00a0\u00bboff\u00a0\u00bb da_exit_intent=\u00a0\u00bboff\u00a0\u00bb da_has_close=\u00a0\u00bbon\u00a0\u00bb da_alt_close=\u00a0\u00bboff\u00a0\u00bb da_dark_close=\u00a0\u00bboff\u00a0\u00bb da_not_modal=\u00a0\u00bbon\u00a0\u00bb da_is_singular=\u00a0\u00bboff\u00a0\u00bb da_with_loader=\u00a0\u00bboff\u00a0\u00bb da_has_shadow=\u00a0\u00bbon\u00a0\u00bb][et_pb_row _builder_version=\u00a0\u00bb4.20.2&Prime; _module_preset=\u00a0\u00bbdefault\u00a0\u00bb min_height=\u00a0\u00bb99.7px\u00a0\u00bb custom_margin=\u00a0\u00bb-38px|auto||auto||\u00a0\u00bb custom_padding=\u00a0\u00bb||1px|||\u00a0\u00bb global_colors_info=\u00a0\u00bb{}\u00a0\u00bb theme_builder_area=\u00a0\u00bbpost_content\u00a0\u00bb][et_pb_column type=\u00a0\u00bb4_4&Prime; _builder_version=\u00a0\u00bb4.20.2&Prime; _module_preset=\u00a0\u00bbdefault\u00a0\u00bb global_colors_info=\u00a0\u00bb{}\u00a0\u00bb theme_builder_area=\u00a0\u00bbpost_content\u00a0\u00bb][et_pb_text _builder_version=\u00a0\u00bb4.20.2&Prime; _module_preset=\u00a0\u00bbdefault\u00a0\u00bb min_height=\u00a0\u00bb14px\u00a0\u00bb custom_margin=\u00a0\u00bb85px|||||\u00a0\u00bb custom_padding=\u00a0\u00bb0px|||||\u00a0\u00bb hover_enabled=\u00a0\u00bb0&Prime; global_colors_info=\u00a0\u00bb{}\u00a0\u00bb theme_builder_area=\u00a0\u00bbpost_content\u00a0\u00bb sticky_enabled=\u00a0\u00bb0&Prime;]<\/p>\n<h2 style=\"text-align: center;\"><span style=\"color: #000000;\">SAVEURS<\/span><\/h2>\n<p>[\/et_pb_text][\/et_pb_column][\/et_pb_row][\/et_pb_section][et_pb_section fb_built=\u00a0\u00bb1&Prime; fullwidth=\u00a0\u00bbon\u00a0\u00bb _builder_version=\u00a0\u00bb4.20.2&Prime; _module_preset=\u00a0\u00bbdefault\u00a0\u00bb da_disable_devices=\u00a0\u00bboff|off|off\u00a0\u00bb global_colors_info=\u00a0\u00bb{}\u00a0\u00bb theme_builder_area=\u00a0\u00bbpost_content\u00a0\u00bb da_is_popup=\u00a0\u00bboff\u00a0\u00bb da_exit_intent=\u00a0\u00bboff\u00a0\u00bb da_has_close=\u00a0\u00bbon\u00a0\u00bb da_alt_close=\u00a0\u00bboff\u00a0\u00bb da_dark_close=\u00a0\u00bboff\u00a0\u00bb da_not_modal=\u00a0\u00bbon\u00a0\u00bb da_is_singular=\u00a0\u00bboff\u00a0\u00bb da_with_loader=\u00a0\u00bboff\u00a0\u00bb da_has_shadow=\u00a0\u00bbon\u00a0\u00bb][et_pb_fullwidth_image src=\u00a0\u00bbhttps:\/\/evapify.ch\/wp-content\/uploads\/2025\/05\/Navy-and-Light-Gray-Modern-Business-Banner-3240-x-1080-px-1-scaled.png\u00a0\u00bb title_text=\u00a0\u00bbNavy and Light Gray Modern Business Banner (3240 x 1080 px) (1)\u00a0\u00bb _builder_version=\u00a0\u00bb4.20.2&Prime; _module_preset=\u00a0\u00bbdefault\u00a0\u00bb global_colors_info=\u00a0\u00bb{}\u00a0\u00bb theme_builder_area=\u00a0\u00bbpost_content\u00a0\u00bb][\/et_pb_fullwidth_image][\/et_pb_section][et_pb_section fb_built=\u00a0\u00bb1&Prime; _builder_version=\u00a0\u00bb4.20.2&Prime; _module_preset=\u00a0\u00bbdefault\u00a0\u00bb da_disable_devices=\u00a0\u00bboff|off|off\u00a0\u00bb global_colors_info=\u00a0\u00bb{}\u00a0\u00bb theme_builder_area=\u00a0\u00bbpost_content\u00a0\u00bb da_is_popup=\u00a0\u00bboff\u00a0\u00bb da_exit_intent=\u00a0\u00bboff\u00a0\u00bb da_has_close=\u00a0\u00bbon\u00a0\u00bb da_alt_close=\u00a0\u00bboff\u00a0\u00bb da_dark_close=\u00a0\u00bboff\u00a0\u00bb da_not_modal=\u00a0\u00bbon\u00a0\u00bb da_is_singular=\u00a0\u00bboff\u00a0\u00bb da_with_loader=\u00a0\u00bboff\u00a0\u00bb da_has_shadow=\u00a0\u00bbon\u00a0\u00bb][et_pb_row _builder_version=\u00a0\u00bb4.20.2&Prime; _module_preset=\u00a0\u00bbdefault\u00a0\u00bb global_colors_info=\u00a0\u00bb{}\u00a0\u00bb theme_builder_area=\u00a0\u00bbpost_content\u00a0\u00bb][et_pb_column type=\u00a0\u00bb4_4&Prime; _builder_version=\u00a0\u00bb4.20.2&Prime; _module_preset=\u00a0\u00bbdefault\u00a0\u00bb global_colors_info=\u00a0\u00bb{}\u00a0\u00bb theme_builder_area=\u00a0\u00bbpost_content\u00a0\u00bb][et_pb_video src=\u00a0\u00bbhttps:\/\/evapify.ch\/wp-content\/uploads\/2025\/05\/Crystal-CL6000-How-To.mov\u00a0\u00bb _builder_version=\u00a0\u00bb4.20.2&Prime; _module_preset=\u00a0\u00bbdefault\u00a0\u00bb global_colors_info=\u00a0\u00bb{}\u00a0\u00bb theme_builder_area=\u00a0\u00bbpost_content\u00a0\u00bb][\/et_pb_video][\/et_pb_column][\/et_pb_row][\/et_pb_section]<\/p>\n","protected":false},"excerpt":{"rendered":"<p>Crystal CL6000 Prefilled Kit Le Crystal CL6000 Prefilled Kit est le choix id\u00e9al pour les vapoteurs exp\u00e9riment\u00e9s \u00e0 la recherche d\u2019une exp\u00e9rience premium et sans tracas. Con\u00e7u pour offrir une commodit\u00e9 maximale, le CL6000 est \u00e9quip\u00e9 d\u2019un r\u00e9servoir pr\u00e9rempli de 2 ml avec une r\u00e9sistance en mesh avanc\u00e9e, d\u2019une batterie rechargeable de 800 mAh et [&hellip;]<\/p>\n","protected":false},"author":3,"featured_media":0,"parent":0,"menu_order":0,"comment_status":"closed","ping_status":"closed","template":"","meta":{"_et_pb_use_builder":"on","_et_pb_old_content":"","_et_gb_content_width":"","footnotes":""},"class_list":["post-32779","page","type-page","status-publish","hentry"],"jetpack_sharing_enabled":true,"_links":{"self":[{"href":"https:\/\/evapify.ch\/fr\/wp-json\/wp\/v2\/pages\/32779","targetHints":{"allow":["GET"]}}],"collection":[{"href":"https:\/\/evapify.ch\/fr\/wp-json\/wp\/v2\/pages"}],"about":[{"href":"https:\/\/evapify.ch\/fr\/wp-json\/wp\/v2\/types\/page"}],"author":[{"embeddable":true,"href":"https:\/\/evapify.ch\/fr\/wp-json\/wp\/v2\/users\/3"}],"replies":[{"embeddable":true,"href":"https:\/\/evapify.ch\/fr\/wp-json\/wp\/v2\/comments?post=32779"}],"version-history":[{"count":2,"href":"https:\/\/evapify.ch\/fr\/wp-json\/wp\/v2\/pages\/32779\/revisions"}],"predecessor-version":[{"id":32781,"href":"https:\/\/evapify.ch\/fr\/wp-json\/wp\/v2\/pages\/32779\/revisions\/32781"}],"wp:attachment":[{"href":"https:\/\/evapify.ch\/fr\/wp-json\/wp\/v2\/media?parent=32779"}],"curies":[{"name":"wp","href":"https:\/\/api.w.org\/{rel}","templated":true}]}}